{"id":42112,"date":"2026-01-21T09:49:24","date_gmt":"2026-01-21T09:49:24","guid":{"rendered":"https:\/\/leiklist.is\/?post_type=product&#038;p=42112"},"modified":"2026-01-21T09:50:35","modified_gmt":"2026-01-21T09:50:35","slug":"mascaraburstar-fiber-25-stk","status":"publish","type":"product","link":"https:\/\/leiklist.is\/en\/product\/mascaraburstar-fiber-25-stk\/","title":{"rendered":"Mascaraburstar f\u00edber 25 stk."},"content":{"rendered":"<p>Af s\u00ed\u00f0u Kryolan:<\/p>\n<p>Perfect lashes with our Fibre Mascara Brush. Precise, hygienic application meets eco-friendly innovation. Handle crafted from biodegradable straw composite.<\/p>","protected":false},"excerpt":{"rendered":"<p>Af s\u00ed\u00f0u Kryolan: Perfect lashes with our Fibre Mascara Brush. Precise, hygienic application meets eco-friendly innovation. Handle crafted from biodegradable straw composite.<\/p>","protected":false},"featured_media":42113,"template":"","meta":{"_et_pb_use_builder":"","_et_pb_old_content":"","_et_gb_content_width":""},"product_brand":[],"product_cat":[103,135],"product_tag":[],"class_list":{"0":"post-42112","1":"product","2":"type-product","3":"status-publish","4":"has-post-thumbnail","6":"product_cat-ahold","7":"product_cat-blyantar-og-mascarar","9":"first","10":"instock","11":"taxable","12":"shipping-taxable","13":"purchasable","14":"product-type-simple"},"_links":{"self":[{"href":"https:\/\/leiklist.is\/en\/wp-json\/wp\/v2\/product\/42112","targetHints":{"allow":["GET"]}}],"collection":[{"href":"https:\/\/leiklist.is\/en\/wp-json\/wp\/v2\/product"}],"about":[{"href":"https:\/\/leiklist.is\/en\/wp-json\/wp\/v2\/types\/product"}],"wp:featuredmedia":[{"embeddable":true,"href":"https:\/\/leiklist.is\/en\/wp-json\/wp\/v2\/media\/42113"}],"wp:attachment":[{"href":"https:\/\/leiklist.is\/en\/wp-json\/wp\/v2\/media?parent=42112"}],"wp:term":[{"taxonomy":"product_brand","embeddable":true,"href":"https:\/\/leiklist.is\/en\/wp-json\/wp\/v2\/product_brand?post=42112"},{"taxonomy":"product_cat","embeddable":true,"href":"https:\/\/leiklist.is\/en\/wp-json\/wp\/v2\/product_cat?post=42112"},{"taxonomy":"product_tag","embeddable":true,"href":"https:\/\/leiklist.is\/en\/wp-json\/wp\/v2\/product_tag?post=42112"}],"curies":[{"name":"wp","href":"https:\/\/api.w.org\/{rel}","templated":true}]}}