{"id":41879,"date":"2025-09-23T15:01:18","date_gmt":"2025-09-23T15:01:18","guid":{"rendered":"https:\/\/leiklist.is\/?post_type=product&#038;p=41879"},"modified":"2025-09-24T09:43:27","modified_gmt":"2025-09-24T09:43:27","slug":"fx-design-color-tattolitir","status":"publish","type":"product","link":"https:\/\/leiklist.is\/en\/product\/fx-design-color-tattolitir\/","title":{"rendered":"FX Design Color &#8211; Tattoolitir"},"content":{"rendered":"<p>Vatnsheldir litir fyrir fj\u00f6lbreytta notkun. H\u00e6gt a\u00f0 nota \u00e1 h\u00fa\u00f0, silikon, latex, g\u00famm\u00ed og n\u00e1nast hva\u00f0a efni sem er.<\/p>\n<p>Fr\u00e1 framlei\u00f0anda:<\/p>\n<p><strong>FX Design Color<\/strong> is the revolutionary new alcohol-based make-up from Kryolan that raises the standards for professional users to a new level. The innovative formula enables ultra-fine, transparent work in layers as well as opaque color application, ideal for special effects, body paint, cosplay, and much more.<br \/>\nFX Design Color is waterproof, non-abrasive, non-staining, and lasts for hours. It can be used on a wide variety of surfaces, such as made-up and unmade-up skin, latex, silicone, PUR, or latex foams as well as Glatzan and Syncap (in various strengths).<br \/>\nThis versatility makes FX Design Color the first choice for professionals and hobby artists alike.<\/p>","protected":false},"excerpt":{"rendered":"<p>Vatnsheldir litir fyrir fj\u00f6lbreytta notkun. H\u00e6gt a\u00f0 nota \u00e1 h\u00fa\u00f0, silikon, latex, g\u00famm\u00ed og n\u00e1nast hva\u00f0a efni sem er. Fr\u00e1 framlei\u00f0anda: FX Design Color is the revolutionary new alcohol-based make-up from Kryolan that raises the standards for professional users to a new level. The innovative formula enables ultra-fine, transparent work in layers as well as [&hellip;]<\/p>\n","protected":false},"featured_media":41893,"template":"","meta":{"_et_pb_use_builder":"","_et_pb_old_content":"","_et_gb_content_width":""},"product_brand":[],"product_cat":[126,69],"product_tag":[],"class_list":{"0":"post-41879","1":"product","2":"type-product","3":"status-publish","4":"has-post-thumbnail","6":"product_cat-andlits-likamslitir","7":"product_cat-andlitslikamslitir","9":"first","10":"instock","11":"taxable","12":"shipping-taxable","13":"purchasable","14":"product-type-variable"},"_links":{"self":[{"href":"https:\/\/leiklist.is\/en\/wp-json\/wp\/v2\/product\/41879","targetHints":{"allow":["GET"]}}],"collection":[{"href":"https:\/\/leiklist.is\/en\/wp-json\/wp\/v2\/product"}],"about":[{"href":"https:\/\/leiklist.is\/en\/wp-json\/wp\/v2\/types\/product"}],"wp:featuredmedia":[{"embeddable":true,"href":"https:\/\/leiklist.is\/en\/wp-json\/wp\/v2\/media\/41893"}],"wp:attachment":[{"href":"https:\/\/leiklist.is\/en\/wp-json\/wp\/v2\/media?parent=41879"}],"wp:term":[{"taxonomy":"product_brand","embeddable":true,"href":"https:\/\/leiklist.is\/en\/wp-json\/wp\/v2\/product_brand?post=41879"},{"taxonomy":"product_cat","embeddable":true,"href":"https:\/\/leiklist.is\/en\/wp-json\/wp\/v2\/product_cat?post=41879"},{"taxonomy":"product_tag","embeddable":true,"href":"https:\/\/leiklist.is\/en\/wp-json\/wp\/v2\/product_tag?post=41879"}],"curies":[{"name":"wp","href":"https:\/\/api.w.org\/{rel}","templated":true}]}}