{"id":41755,"date":"2025-06-27T10:14:01","date_gmt":"2025-06-27T10:14:01","guid":{"rendered":"https:\/\/leiklist.is\/?post_type=product&#038;p=41755"},"modified":"2025-06-27T10:15:08","modified_gmt":"2025-06-27T10:15:08","slug":"hydro-make-up-remover-oil","status":"publish","type":"product","link":"https:\/\/leiklist.is\/en\/product\/hydro-make-up-remover-oil\/","title":{"rendered":"Hydro Make-up Remover Oil"},"content":{"rendered":"<p>Hreiniefni fyrir kremfar\u00f0a. Af s\u00ed\u00f0u framlei\u00f0anda:<\/p>\n<p>Hydro Make-up Remover Oil is a cleansing oil that removes cream make-up easily. Massage evenly into the skin. The Hydro Make-up Remover Oil dissolves the make-up from the skin. Rinse off with warm water. After removal the skin is clean and feels smooth. Skin compatibility dermatological approved.<\/p>","protected":false},"excerpt":{"rendered":"<p>Hreiniefni fyrir kremfar\u00f0a. Af s\u00ed\u00f0u framlei\u00f0anda: Hydro Make-up Remover Oil is a cleansing oil that removes cream make-up easily. Massage evenly into the skin. The Hydro Make-up Remover Oil dissolves the make-up from the skin. Rinse off with warm water. After removal the skin is clean and feels smooth. Skin compatibility dermatological approved.<\/p>","protected":false},"featured_media":41757,"template":"","meta":{"_et_pb_use_builder":"","_et_pb_old_content":"","_et_gb_content_width":""},"product_brand":[270],"product_cat":[74],"product_tag":[],"class_list":{"0":"post-41755","1":"product","2":"type-product","3":"status-publish","4":"has-post-thumbnail","6":"product_brand-kryolan","7":"product_cat-hreinsivorur","9":"first","10":"instock","11":"taxable","12":"shipping-taxable","13":"purchasable","14":"product-type-simple"},"_links":{"self":[{"href":"https:\/\/leiklist.is\/en\/wp-json\/wp\/v2\/product\/41755","targetHints":{"allow":["GET"]}}],"collection":[{"href":"https:\/\/leiklist.is\/en\/wp-json\/wp\/v2\/product"}],"about":[{"href":"https:\/\/leiklist.is\/en\/wp-json\/wp\/v2\/types\/product"}],"wp:featuredmedia":[{"embeddable":true,"href":"https:\/\/leiklist.is\/en\/wp-json\/wp\/v2\/media\/41757"}],"wp:attachment":[{"href":"https:\/\/leiklist.is\/en\/wp-json\/wp\/v2\/media?parent=41755"}],"wp:term":[{"taxonomy":"product_brand","embeddable":true,"href":"https:\/\/leiklist.is\/en\/wp-json\/wp\/v2\/product_brand?post=41755"},{"taxonomy":"product_cat","embeddable":true,"href":"https:\/\/leiklist.is\/en\/wp-json\/wp\/v2\/product_cat?post=41755"},{"taxonomy":"product_tag","embeddable":true,"href":"https:\/\/leiklist.is\/en\/wp-json\/wp\/v2\/product_tag?post=41755"}],"curies":[{"name":"wp","href":"https:\/\/api.w.org\/{rel}","templated":true}]}}