{"id":41165,"date":"2025-04-03T10:54:09","date_gmt":"2025-04-03T10:54:09","guid":{"rendered":"https:\/\/leiklist.is\/?post_type=product&#038;p=41165"},"modified":"2026-03-17T18:10:31","modified_gmt":"2026-03-17T18:10:31","slug":"yfirskegg-apex","status":"publish","type":"product","link":"https:\/\/leiklist.is\/en\/product\/yfirskegg-apex\/","title":{"rendered":"Yfirskegg Apex"},"content":{"rendered":"<p>Handofin yfirskegg \u00far ekta h\u00e1ri. 3 ger\u00f0ir HZ01, HZ08 og HZ09.<\/p>","protected":false},"excerpt":{"rendered":"<p>Handofin yfirskegg \u00far ekta h\u00e1ri. 3 ger\u00f0ir HZ01, HZ08 og HZ09.<\/p>","protected":false},"featured_media":41170,"template":"","meta":{"_et_pb_use_builder":"","_et_pb_old_content":"","_et_gb_content_width":""},"product_brand":[],"product_cat":[133],"product_tag":[],"class_list":{"0":"post-41165","1":"product","2":"type-product","3":"status-publish","4":"has-post-thumbnail","6":"product_cat-skegg-harvorur","8":"first","9":"instock","10":"sale","11":"taxable","12":"shipping-taxable","13":"purchasable","14":"product-type-variable"},"_links":{"self":[{"href":"https:\/\/leiklist.is\/en\/wp-json\/wp\/v2\/product\/41165","targetHints":{"allow":["GET"]}}],"collection":[{"href":"https:\/\/leiklist.is\/en\/wp-json\/wp\/v2\/product"}],"about":[{"href":"https:\/\/leiklist.is\/en\/wp-json\/wp\/v2\/types\/product"}],"wp:featuredmedia":[{"embeddable":true,"href":"https:\/\/leiklist.is\/en\/wp-json\/wp\/v2\/media\/41170"}],"wp:attachment":[{"href":"https:\/\/leiklist.is\/en\/wp-json\/wp\/v2\/media?parent=41165"}],"wp:term":[{"taxonomy":"product_brand","embeddable":true,"href":"https:\/\/leiklist.is\/en\/wp-json\/wp\/v2\/product_brand?post=41165"},{"taxonomy":"product_cat","embeddable":true,"href":"https:\/\/leiklist.is\/en\/wp-json\/wp\/v2\/product_cat?post=41165"},{"taxonomy":"product_tag","embeddable":true,"href":"https:\/\/leiklist.is\/en\/wp-json\/wp\/v2\/product_tag?post=41165"}],"curies":[{"name":"wp","href":"https:\/\/api.w.org\/{rel}","templated":true}]}}