{"id":41074,"date":"2025-03-13T14:51:32","date_gmt":"2025-03-13T14:51:32","guid":{"rendered":"https:\/\/leiklist.is\/?post_type=product&#038;p=41074"},"modified":"2025-03-19T11:07:21","modified_gmt":"2025-03-19T11:07:21","slug":"grima-ur-plasti","status":"publish","type":"product","link":"https:\/\/leiklist.is\/en\/product\/grima-ur-plasti\/","title":{"rendered":"Gr\u00edma \u00far plasti"},"content":{"rendered":"<p>Klass\u00edsk gr\u00edmuballsgr\u00edma. Nokkrir litir.<\/p>","protected":false},"excerpt":{"rendered":"<p>Klass\u00edsk gr\u00edmuballsgr\u00edma. Nokkrir litir.<\/p>","protected":false},"featured_media":41084,"template":"","meta":{"_et_pb_use_builder":"","_et_pb_old_content":"","_et_gb_content_width":""},"product_brand":[],"product_cat":[251,100,82],"product_tag":[265,259,266,262],"class_list":{"0":"post-41074","1":"product","2":"type-product","3":"status-publish","4":"has-post-thumbnail","6":"product_cat-augu-gervagerd","7":"product_cat-gervagerd","8":"product_cat-ymislegt","9":"product_tag-grima","10":"product_tag-grimuball","11":"product_tag-grimur","12":"product_tag-kryolan-halloween-hrekkjavaka-cosplay","14":"first","15":"instock","16":"taxable","17":"shipping-taxable","18":"purchasable","19":"product-type-variable"},"_links":{"self":[{"href":"https:\/\/leiklist.is\/en\/wp-json\/wp\/v2\/product\/41074","targetHints":{"allow":["GET"]}}],"collection":[{"href":"https:\/\/leiklist.is\/en\/wp-json\/wp\/v2\/product"}],"about":[{"href":"https:\/\/leiklist.is\/en\/wp-json\/wp\/v2\/types\/product"}],"wp:featuredmedia":[{"embeddable":true,"href":"https:\/\/leiklist.is\/en\/wp-json\/wp\/v2\/media\/41084"}],"wp:attachment":[{"href":"https:\/\/leiklist.is\/en\/wp-json\/wp\/v2\/media?parent=41074"}],"wp:term":[{"taxonomy":"product_brand","embeddable":true,"href":"https:\/\/leiklist.is\/en\/wp-json\/wp\/v2\/product_brand?post=41074"},{"taxonomy":"product_cat","embeddable":true,"href":"https:\/\/leiklist.is\/en\/wp-json\/wp\/v2\/product_cat?post=41074"},{"taxonomy":"product_tag","embeddable":true,"href":"https:\/\/leiklist.is\/en\/wp-json\/wp\/v2\/product_tag?post=41074"}],"curies":[{"name":"wp","href":"https:\/\/api.w.org\/{rel}","templated":true}]}}