{"id":41067,"date":"2025-03-13T13:16:28","date_gmt":"2025-03-13T13:16:28","guid":{"rendered":"https:\/\/leiklist.is\/?post_type=product&#038;p=41067"},"modified":"2025-03-13T13:46:37","modified_gmt":"2025-03-13T13:46:37","slug":"grimur-par","status":"publish","type":"product","link":"https:\/\/leiklist.is\/en\/product\/grimur-par\/","title":{"rendered":"Gr\u00edmur par"},"content":{"rendered":"<p>Tv\u00e6r gr\u00edmur fyrir klass\u00edskt gr\u00edmuball. Fyrir karl og konu.<\/p>","protected":false},"excerpt":{"rendered":"<p>Tv\u00e6r gr\u00edmur fyrir klass\u00edskt gr\u00edmuball. Fyrir karl og konu.<\/p>","protected":false},"featured_media":41070,"template":"","meta":{"_et_pb_use_builder":"","_et_pb_old_content":"","_et_gb_content_width":""},"product_brand":[],"product_cat":[251,100,82],"product_tag":[],"class_list":{"0":"post-41067","1":"product","2":"type-product","3":"status-publish","4":"has-post-thumbnail","6":"product_cat-augu-gervagerd","7":"product_cat-gervagerd","8":"product_cat-ymislegt","10":"first","11":"instock","12":"taxable","13":"shipping-taxable","14":"purchasable","15":"product-type-variable"},"_links":{"self":[{"href":"https:\/\/leiklist.is\/en\/wp-json\/wp\/v2\/product\/41067","targetHints":{"allow":["GET"]}}],"collection":[{"href":"https:\/\/leiklist.is\/en\/wp-json\/wp\/v2\/product"}],"about":[{"href":"https:\/\/leiklist.is\/en\/wp-json\/wp\/v2\/types\/product"}],"wp:featuredmedia":[{"embeddable":true,"href":"https:\/\/leiklist.is\/en\/wp-json\/wp\/v2\/media\/41070"}],"wp:attachment":[{"href":"https:\/\/leiklist.is\/en\/wp-json\/wp\/v2\/media?parent=41067"}],"wp:term":[{"taxonomy":"product_brand","embeddable":true,"href":"https:\/\/leiklist.is\/en\/wp-json\/wp\/v2\/product_brand?post=41067"},{"taxonomy":"product_cat","embeddable":true,"href":"https:\/\/leiklist.is\/en\/wp-json\/wp\/v2\/product_cat?post=41067"},{"taxonomy":"product_tag","embeddable":true,"href":"https:\/\/leiklist.is\/en\/wp-json\/wp\/v2\/product_tag?post=41067"}],"curies":[{"name":"wp","href":"https:\/\/api.w.org\/{rel}","templated":true}]}}