{"id":41053,"date":"2025-03-11T10:54:02","date_gmt":"2025-03-11T10:54:02","guid":{"rendered":"https:\/\/leiklist.is\/?post_type=product&#038;p=41053"},"modified":"2026-03-13T12:29:04","modified_gmt":"2026-03-13T12:29:04","slug":"fixing-spray-30ml-grimas","status":"publish","type":"product","link":"https:\/\/leiklist.is\/en\/product\/fixing-spray-30ml-grimas\/","title":{"rendered":"Fixing Spray 30ml &#8211; Grimas"},"content":{"rendered":"<hr \/>\n<p>Fixing Spray fr\u00e1 Grimas. Myndar \u00f3s\u00fdnilega filmu yfir far\u00f0a\u00f0a h\u00fa\u00f0 og verndar fyrir k\u00e1mi og raka..<\/p>\n<p><strong>Fr\u00e1 framlei\u00f0anda:<\/strong><\/p>\n<div class=\"\">Grimas Fixing Spray forms a thin, invisible layer over the skin that protects the make-up from smudging, water and perspiration. It ensures that facepaint, bodypaint and other water-based products stay firmly in place all day.<\/div>\n<div class=\"\">\u2022 Makes make-up smudge-proof<br \/>\n\u2022 Protects make-up from water and perspiration<br \/>\n\u2022 Ensures smooth and even results<br \/>\n\u2022 Microplastic-free<br \/>\nGrimas Fixing Spray is fully compliant with the European legislation regarding the restriction of the use of microplastics in products (EU regulation 2023\/2055).<br \/>\nFixing Spray can also be used as a mixing agent.<br \/>\nOne bottle of Fixing Spray contains approximately 200 dosages\/sprays.If we assume an average of 4 sprays per face, this means that the contents of one bottle is sufficient for 50 perfectly fixed faces.<\/div>\n<div><a href=\"https:\/\/www.grimas.nl\/shop\/000607sp\/2\/Total-Assortment\/8717277503302\/Fixing-Spray.html\">N\u00e1nar um v\u00f6runa. <\/a><\/div>","protected":false},"excerpt":{"rendered":"<p>Fixing Spray fr\u00e1 Grimas. Myndar \u00f3s\u00fdnilega filmu yfir far\u00f0a\u00f0a h\u00fa\u00f0 og verndar fyrir k\u00e1mi og raka.. Fr\u00e1 framlei\u00f0anda: Grimas Fixing Spray forms a thin, invisible layer over the skin that protects the make-up from smudging, water and perspiration. It ensures that facepaint, bodypaint and other water-based products stay firmly in place all day. \u2022 Makes [&hellip;]<\/p>\n","protected":false},"featured_media":41054,"template":"","meta":{"_et_pb_use_builder":"","_et_pb_old_content":"","_et_gb_content_width":""},"product_brand":[],"product_cat":[126,144,73],"product_tag":[],"class_list":{"0":"post-41053","1":"product","2":"type-product","3":"status-publish","4":"has-post-thumbnail","6":"product_cat-andlits-likamslitir","7":"product_cat-annad-fordun","8":"product_cat-fardi","10":"first","11":"instock","12":"taxable","13":"shipping-taxable","14":"purchasable","15":"product-type-simple"},"_links":{"self":[{"href":"https:\/\/leiklist.is\/en\/wp-json\/wp\/v2\/product\/41053","targetHints":{"allow":["GET"]}}],"collection":[{"href":"https:\/\/leiklist.is\/en\/wp-json\/wp\/v2\/product"}],"about":[{"href":"https:\/\/leiklist.is\/en\/wp-json\/wp\/v2\/types\/product"}],"wp:featuredmedia":[{"embeddable":true,"href":"https:\/\/leiklist.is\/en\/wp-json\/wp\/v2\/media\/41054"}],"wp:attachment":[{"href":"https:\/\/leiklist.is\/en\/wp-json\/wp\/v2\/media?parent=41053"}],"wp:term":[{"taxonomy":"product_brand","embeddable":true,"href":"https:\/\/leiklist.is\/en\/wp-json\/wp\/v2\/product_brand?post=41053"},{"taxonomy":"product_cat","embeddable":true,"href":"https:\/\/leiklist.is\/en\/wp-json\/wp\/v2\/product_cat?post=41053"},{"taxonomy":"product_tag","embeddable":true,"href":"https:\/\/leiklist.is\/en\/wp-json\/wp\/v2\/product_tag?post=41053"}],"curies":[{"name":"wp","href":"https:\/\/api.w.org\/{rel}","templated":true}]}}