{"id":40990,"date":"2025-02-19T10:43:10","date_gmt":"2025-02-19T10:43:10","guid":{"rendered":"https:\/\/leiklist.is\/?post_type=product&#038;p=40990"},"modified":"2026-02-18T14:07:10","modified_gmt":"2026-02-18T14:07:10","slug":"rubber-mask-grease-8ml-fyrir-latex","status":"publish","type":"product","link":"https:\/\/leiklist.is\/en\/product\/rubber-mask-grease-8ml-fyrir-latex\/","title":{"rendered":"Rubber Mask Grease 8ml fyrir Latex"},"content":{"rendered":"<p>Far\u00f0i s\u00e9rstaklega hentugur fyrir latexhluti s.s. gervinef, gervieyru o.s.frv. Hentar einnig sem far\u00f0i fyrir <a href=\"https:\/\/leiklist.is\/en\/product\/old-age-stipple\/\">Old Age Stipple<\/a>.<\/p>\n<p>Fr\u00e1 framlei\u00f0andanum Kryolan:<br \/>\nRubber Mask Grease is a grease-based product with exceptional opacity and adherence. It is best used for coloring latex pieces like artificial noses, chin pieces, casualty simulations or rubber bald caps. To apply the product evenly a sponge is moistened with a little alcohol (e.g. Spirit Gum Remover and Thinner). This way Rubber Mask Grease allows a smooth, easy, and even thin application. Just like other grease-based make-up the Rubber Mask Grease should be fixed by using Translucent Powder.<\/p>","protected":false},"excerpt":{"rendered":"<p>Far\u00f0i s\u00e9rstaklega hentugur fyrir latexhluti s.s. gervinef, gervieyru o.s.frv. Hentar einnig sem far\u00f0i fyrir Old Age Stipple. Fr\u00e1 framlei\u00f0andanum Kryolan: Rubber Mask Grease is a grease-based product with exceptional opacity and adherence. It is best used for coloring latex pieces like artificial noses, chin pieces, casualty simulations or rubber bald caps. To apply the product [&hellip;]<\/p>\n","protected":false},"featured_media":40993,"template":"","meta":{"_et_pb_use_builder":"","_et_pb_old_content":"","_et_gb_content_width":""},"product_brand":[],"product_cat":[126,246,250,127],"product_tag":[],"class_list":{"0":"post-40990","1":"product","2":"type-product","3":"status-publish","4":"has-post-thumbnail","6":"product_cat-andlits-likamslitir","7":"product_cat-latex","8":"product_cat-likamshlutar","9":"product_cat-make-up","11":"first","12":"instock","13":"taxable","14":"shipping-taxable","15":"purchasable","16":"product-type-variable"},"_links":{"self":[{"href":"https:\/\/leiklist.is\/en\/wp-json\/wp\/v2\/product\/40990","targetHints":{"allow":["GET"]}}],"collection":[{"href":"https:\/\/leiklist.is\/en\/wp-json\/wp\/v2\/product"}],"about":[{"href":"https:\/\/leiklist.is\/en\/wp-json\/wp\/v2\/types\/product"}],"wp:featuredmedia":[{"embeddable":true,"href":"https:\/\/leiklist.is\/en\/wp-json\/wp\/v2\/media\/40993"}],"wp:attachment":[{"href":"https:\/\/leiklist.is\/en\/wp-json\/wp\/v2\/media?parent=40990"}],"wp:term":[{"taxonomy":"product_brand","embeddable":true,"href":"https:\/\/leiklist.is\/en\/wp-json\/wp\/v2\/product_brand?post=40990"},{"taxonomy":"product_cat","embeddable":true,"href":"https:\/\/leiklist.is\/en\/wp-json\/wp\/v2\/product_cat?post=40990"},{"taxonomy":"product_tag","embeddable":true,"href":"https:\/\/leiklist.is\/en\/wp-json\/wp\/v2\/product_tag?post=40990"}],"curies":[{"name":"wp","href":"https:\/\/api.w.org\/{rel}","templated":true}]}}