{"id":40806,"date":"2024-12-02T12:02:57","date_gmt":"2024-12-02T12:02:57","guid":{"rendered":"https:\/\/leiklist.is\/?post_type=product&#038;p=40806"},"modified":"2024-12-02T12:02:57","modified_gmt":"2024-12-02T12:02:57","slug":"flaming-skull-kit","status":"publish","type":"product","link":"https:\/\/leiklist.is\/en\/product\/flaming-skull-kit\/","title":{"rendered":"Flaming Skull Kit"},"content":{"rendered":"<p>Sett me\u00f0 \u00f6llu sem \u00fearf til a\u00f0 far\u00f0a &#8222;Logandi hausk\u00fapu&#8220; eins og s\u00e9st \u00e1 myndinni.<\/p>\n<p>Setti\u00f0 inniheldur (sj\u00e1 mynd 2):<\/p>\n<ul>\n<li>4 Aquacolor 8 ml<\/li>\n<li>1 Color Spray<\/li>\n<li>1 Round Make-up Sponge<\/li>\n<li>1 Training Brush 8<\/li>\n<li>1 Torey Round Brush 3<\/li>\n<\/ul>","protected":false},"excerpt":{"rendered":"<p>Sett me\u00f0 \u00f6llu sem \u00fearf til a\u00f0 far\u00f0a &#8222;Logandi hausk\u00fapu&#8220; eins og s\u00e9st \u00e1 myndinni. Setti\u00f0 inniheldur (sj\u00e1 mynd 2): 4 Aquacolor 8 ml 1 Color Spray 1 Round Make-up Sponge 1 Training Brush 8 1 Torey Round Brush 3<\/p>","protected":false},"featured_media":40808,"template":"","meta":{"_et_pb_use_builder":"","_et_pb_old_content":"","_et_gb_content_width":""},"product_brand":[],"product_cat":[126,245,73],"product_tag":[],"class_list":{"0":"post-40806","1":"product","2":"type-product","3":"status-publish","4":"has-post-thumbnail","6":"product_cat-andlits-likamslitir","7":"product_cat-sett","8":"product_cat-fardi","10":"first","11":"instock","12":"taxable","13":"shipping-taxable","14":"purchasable","15":"product-type-simple"},"_links":{"self":[{"href":"https:\/\/leiklist.is\/en\/wp-json\/wp\/v2\/product\/40806","targetHints":{"allow":["GET"]}}],"collection":[{"href":"https:\/\/leiklist.is\/en\/wp-json\/wp\/v2\/product"}],"about":[{"href":"https:\/\/leiklist.is\/en\/wp-json\/wp\/v2\/types\/product"}],"wp:featuredmedia":[{"embeddable":true,"href":"https:\/\/leiklist.is\/en\/wp-json\/wp\/v2\/media\/40808"}],"wp:attachment":[{"href":"https:\/\/leiklist.is\/en\/wp-json\/wp\/v2\/media?parent=40806"}],"wp:term":[{"taxonomy":"product_brand","embeddable":true,"href":"https:\/\/leiklist.is\/en\/wp-json\/wp\/v2\/product_brand?post=40806"},{"taxonomy":"product_cat","embeddable":true,"href":"https:\/\/leiklist.is\/en\/wp-json\/wp\/v2\/product_cat?post=40806"},{"taxonomy":"product_tag","embeddable":true,"href":"https:\/\/leiklist.is\/en\/wp-json\/wp\/v2\/product_tag?post=40806"}],"curies":[{"name":"wp","href":"https:\/\/api.w.org\/{rel}","templated":true}]}}