{"id":40752,"date":"2024-11-14T11:19:21","date_gmt":"2024-11-14T11:19:21","guid":{"rendered":"https:\/\/leiklist.is\/?post_type=product&#038;p=40752"},"modified":"2026-01-21T10:01:57","modified_gmt":"2026-01-21T10:01:57","slug":"pensill-med-longu-skafti-fyrir-augnhar-augabrunir","status":"publish","type":"product","link":"https:\/\/leiklist.is\/en\/product\/pensill-med-longu-skafti-fyrir-augnhar-augabrunir\/","title":{"rendered":"Pensill me\u00f0 l\u00f6ngu skafti fyrir augnh\u00e1r\/augabr\u00fanir"},"content":{"rendered":"<p>Pensill me\u00f0 l\u00f6ngu skafti fyrir augnh\u00e1r\/augabr\u00fanir.<\/p>\n<p>Af vef Grimas:<br \/>\nBrushes made of artificial hair intended for face-painting with Water Make-up.<\/p>","protected":false},"excerpt":{"rendered":"<p>Pensill me\u00f0 l\u00f6ngu skafti fyrir augnh\u00e1r\/augabr\u00fanir. Af vef Grimas: Brushes made of artificial hair intended for face-painting with Water Make-up.<\/p>","protected":false},"featured_media":40753,"template":"","meta":{"_et_pb_use_builder":"","_et_pb_old_content":"","_et_gb_content_width":""},"product_brand":[],"product_cat":[135,131],"product_tag":[],"class_list":{"0":"post-40752","1":"product","2":"type-product","3":"status-publish","4":"has-post-thumbnail","6":"product_cat-blyantar-og-mascarar","7":"product_cat-onnur-ahold-ahold","9":"first","10":"outofstock","11":"taxable","12":"shipping-taxable","13":"purchasable","14":"product-type-simple"},"_links":{"self":[{"href":"https:\/\/leiklist.is\/en\/wp-json\/wp\/v2\/product\/40752","targetHints":{"allow":["GET"]}}],"collection":[{"href":"https:\/\/leiklist.is\/en\/wp-json\/wp\/v2\/product"}],"about":[{"href":"https:\/\/leiklist.is\/en\/wp-json\/wp\/v2\/types\/product"}],"wp:featuredmedia":[{"embeddable":true,"href":"https:\/\/leiklist.is\/en\/wp-json\/wp\/v2\/media\/40753"}],"wp:attachment":[{"href":"https:\/\/leiklist.is\/en\/wp-json\/wp\/v2\/media?parent=40752"}],"wp:term":[{"taxonomy":"product_brand","embeddable":true,"href":"https:\/\/leiklist.is\/en\/wp-json\/wp\/v2\/product_brand?post=40752"},{"taxonomy":"product_cat","embeddable":true,"href":"https:\/\/leiklist.is\/en\/wp-json\/wp\/v2\/product_cat?post=40752"},{"taxonomy":"product_tag","embeddable":true,"href":"https:\/\/leiklist.is\/en\/wp-json\/wp\/v2\/product_tag?post=40752"}],"curies":[{"name":"wp","href":"https:\/\/api.w.org\/{rel}","templated":true}]}}