{"id":40602,"date":"2024-10-02T12:42:40","date_gmt":"2024-10-02T12:42:40","guid":{"rendered":"https:\/\/leiklist.is\/?post_type=product&#038;p=40602"},"modified":"2025-06-19T15:10:03","modified_gmt":"2025-06-19T15:10:03","slug":"glitpudur-sparkling-powder","status":"publish","type":"product","link":"https:\/\/leiklist.is\/en\/product\/glitpudur-sparkling-powder\/","title":{"rendered":"Glitp\u00fa\u00f0ur &#8211; Sparkling Powder"},"content":{"rendered":"<p>Glitrandi p\u00fa\u00f0ur fr\u00e1 Grimas sem gr\u00edpur auga\u00f0. Umhverfisv\u00e6nt, ekkert plast.<\/p>\n<p>Af s\u00ed\u00f0u framlei\u00f0anda:<br \/>\nGrimas Sparkling Powder is a fine, highly pigmented powder with a subtle shimmer.<\/p>\n<p>It&#8217;s plastic-free and a great alternative to plastic glitters. You can create fantastic beauty make-ups with it, but Sparkling Powder is also used for making glitter tattoos.<\/p>\n<p>Notkun:<\/p>\n<p><span class=\"standaard\">Sparkling Powder can be applied in dry form as well as on an adhesive surface.<br \/>\n<\/span><span class=\"line\">Apply Sparkling Powder to a thin layer of Grimas Body Glue (for a waterproof and long-lasting result), Fix Gel or Stoppelpasta.<br \/>\n<\/span><span class=\"line\">Mix Sparkling Powder with Grimas Primer Pro for an intense long lasting waterproof make-up.<br \/>\n<\/span><span class=\"line\">By mixing Sparkling Powder with Grimas Gloss 00 or Lipstick Base (Pearl), you can easily create a new shimmering colour of Gloss or Lipstick. <\/span><\/p>\n<p><span class=\"bline\">Removal <\/span><br \/>\n<span class=\"br\">Remove Sparkling Powder with lukewarm water and soap (you can also use shampoo). <\/span><span class=\"standaard\">Massage it in briefly and rinse off with lukewarm water. <\/span><br \/>\n<span class=\"br\">Do not use ready-to-use cleansing cloths.<br \/>\n<\/span><span class=\"line\">Because Sparkling Powder consists largely of pure colour pigments, it can occur with a number of colours (730, 731, 740 and 760) that a slight trace of colour remains when mixed with water or Grimas Cleansing Lotion and used directly on the skin.<\/span><\/p>","protected":false},"excerpt":{"rendered":"<p>Glitrandi p\u00fa\u00f0ur fr\u00e1 Grimas sem gr\u00edpur auga\u00f0. Umhverfisv\u00e6nt, ekkert plast. Af s\u00ed\u00f0u framlei\u00f0anda: Grimas Sparkling Powder is a fine, highly pigmented powder with a subtle shimmer. It&#8217;s plastic-free and a great alternative to plastic glitters. You can create fantastic beauty make-ups with it, but Sparkling Powder is also used for making glitter tattoos. Notkun: Sparkling [&hellip;]<\/p>\n","protected":false},"featured_media":40607,"template":"","meta":{"_et_pb_use_builder":"","_et_pb_old_content":"","_et_gb_content_width":""},"product_brand":[],"product_cat":[69,144,264],"product_tag":[255,70],"class_list":{"0":"post-40602","1":"product","2":"type-product","3":"status-publish","4":"has-post-thumbnail","6":"product_cat-andlitslikamslitir","7":"product_cat-annad-fordun","8":"product_cat-glimmer-skraut","9":"product_tag-cosplay","10":"product_tag-grimas","12":"first","13":"instock","14":"taxable","15":"shipping-taxable","16":"purchasable","17":"product-type-variable"},"_links":{"self":[{"href":"https:\/\/leiklist.is\/en\/wp-json\/wp\/v2\/product\/40602","targetHints":{"allow":["GET"]}}],"collection":[{"href":"https:\/\/leiklist.is\/en\/wp-json\/wp\/v2\/product"}],"about":[{"href":"https:\/\/leiklist.is\/en\/wp-json\/wp\/v2\/types\/product"}],"wp:featuredmedia":[{"embeddable":true,"href":"https:\/\/leiklist.is\/en\/wp-json\/wp\/v2\/media\/40607"}],"wp:attachment":[{"href":"https:\/\/leiklist.is\/en\/wp-json\/wp\/v2\/media?parent=40602"}],"wp:term":[{"taxonomy":"product_brand","embeddable":true,"href":"https:\/\/leiklist.is\/en\/wp-json\/wp\/v2\/product_brand?post=40602"},{"taxonomy":"product_cat","embeddable":true,"href":"https:\/\/leiklist.is\/en\/wp-json\/wp\/v2\/product_cat?post=40602"},{"taxonomy":"product_tag","embeddable":true,"href":"https:\/\/leiklist.is\/en\/wp-json\/wp\/v2\/product_tag?post=40602"}],"curies":[{"name":"wp","href":"https:\/\/api.w.org\/{rel}","templated":true}]}}