{"id":40591,"date":"2024-10-02T12:25:15","date_gmt":"2024-10-02T12:25:15","guid":{"rendered":"https:\/\/leiklist.is\/?post_type=product&#038;p=40591"},"modified":"2025-11-17T15:47:25","modified_gmt":"2025-11-17T15:47:25","slug":"grimas-cosmetic-glitter-bio-umhverfisvaent","status":"publish","type":"product","link":"https:\/\/leiklist.is\/en\/product\/grimas-cosmetic-glitter-bio-umhverfisvaent\/","title":{"rendered":"Cosmetic Glitter (Bio-umhverfisv\u00e6nt)"},"content":{"rendered":"<p>Glitrandi sm\u00e1fl\u00f6gur \u00far l\u00edfr\u00e6nu efni. Ekkert plast.<\/p>\n<p>Af s\u00ed\u00f0u framlei\u00f0anda:<br \/>\nGrimas Cosmetic Glitter (Bio) is a high-gloss loose glitter, based on natural materials. It is indistinguishable from traditional plastic glitter, but fully compliant with the European legislation regarding the restriction of the use of microplastics in products (EU regulation 2023\/2055).<\/p>\n<p>Cosmetic Glitter (Bio) feels soft on the skin and is safe for use near the eyes. Whether Cosmetic Glitter (Bio) is used as part of a dazzling party look or as a finishing touch on happy children&#8217;s faces, you can always count on a sparkling end result!<\/p>\n<p>Notkun:<\/p>\n<p><span class=\"standaard\">Cosmetic Glitter (Bio) can be applied in dry form as well as on an adhesive surface. <\/span><span class=\"standaard\">Apply a thin layer of Grimas Fix Gel, Body Glue, Primer Pro or Stoppelpasta on the skin. <\/span><span class=\"standaard\">Spread the Cosmetic Glitter (Bio) over the applied base layer using a brush, a make-up sponge or with your fingers. <\/span><span class=\"standaard\">Lightly press the Cosmetic Glitter (Bio) to make sure that it adheres well to the surface. <\/span><\/p>\n<p><span class=\"br\">Cosmetic Glitter (Bio) can be removed with Grimas Cleansing Cream. <\/span><span class=\"standaard\">Take Cleansing Cream out with a clean spatula, massage in and remove with a tissue. <\/span><span class=\"standaard\">Use Grimas Multi Remover Pure if Body Glue or Primer Pro has been used as a base layer. <\/span><span class=\"standaard\">Cleanse the skin afterwards with Grimas Cleansing Lotion. <\/span><br \/>\n<span class=\"br\">Do not use ready-to-use cleansing cloths.<\/span><\/p>","protected":false},"excerpt":{"rendered":"<p>Glitrandi sm\u00e1fl\u00f6gur \u00far l\u00edfr\u00e6nu efni. Ekkert plast. Af s\u00ed\u00f0u framlei\u00f0anda: Grimas Cosmetic Glitter (Bio) is a high-gloss loose glitter, based on natural materials. It is indistinguishable from traditional plastic glitter, but fully compliant with the European legislation regarding the restriction of the use of microplastics in products (EU regulation 2023\/2055). Cosmetic Glitter (Bio) feels soft [&hellip;]<\/p>\n","protected":false},"featured_media":40599,"template":"","meta":{"_et_pb_use_builder":"","_et_pb_old_content":"","_et_gb_content_width":""},"product_brand":[],"product_cat":[69,264],"product_tag":[],"class_list":{"0":"post-40591","1":"product","2":"type-product","3":"status-publish","4":"has-post-thumbnail","6":"product_cat-andlitslikamslitir","7":"product_cat-glimmer-skraut","9":"first","10":"instock","11":"taxable","12":"shipping-taxable","13":"purchasable","14":"product-type-variable"},"_links":{"self":[{"href":"https:\/\/leiklist.is\/en\/wp-json\/wp\/v2\/product\/40591","targetHints":{"allow":["GET"]}}],"collection":[{"href":"https:\/\/leiklist.is\/en\/wp-json\/wp\/v2\/product"}],"about":[{"href":"https:\/\/leiklist.is\/en\/wp-json\/wp\/v2\/types\/product"}],"wp:featuredmedia":[{"embeddable":true,"href":"https:\/\/leiklist.is\/en\/wp-json\/wp\/v2\/media\/40599"}],"wp:attachment":[{"href":"https:\/\/leiklist.is\/en\/wp-json\/wp\/v2\/media?parent=40591"}],"wp:term":[{"taxonomy":"product_brand","embeddable":true,"href":"https:\/\/leiklist.is\/en\/wp-json\/wp\/v2\/product_brand?post=40591"},{"taxonomy":"product_cat","embeddable":true,"href":"https:\/\/leiklist.is\/en\/wp-json\/wp\/v2\/product_cat?post=40591"},{"taxonomy":"product_tag","embeddable":true,"href":"https:\/\/leiklist.is\/en\/wp-json\/wp\/v2\/product_tag?post=40591"}],"curies":[{"name":"wp","href":"https:\/\/api.w.org\/{rel}","templated":true}]}}