{"id":39711,"date":"2024-02-15T12:12:05","date_gmt":"2024-02-15T12:12:05","guid":{"rendered":"https:\/\/leiklist.is\/?post_type=product&#038;p=39711"},"modified":"2024-12-02T10:59:17","modified_gmt":"2024-12-02T10:59:17","slug":"snow-snjokorn","status":"publish","type":"product","link":"https:\/\/leiklist.is\/en\/product\/snow-snjokorn\/","title":{"rendered":"Snow &#8211; Snj\u00f3korn"},"content":{"rendered":"<p>Gervisnj\u00f3korn. Nota\u00f0 til a\u00f0 b\u00faa til glitrandi snj\u00f3effekt \u00e1 andlit. Br\u00e1\u00f0nar ekki.<\/p>\n<p>Fr\u00e1 framlei\u00f0anda:<br \/>\nReady-made product for glittering snow and frost effect. Does not melt!<\/p>","protected":false},"excerpt":{"rendered":"<p>Gervisnj\u00f3korn. Nota\u00f0 til a\u00f0 b\u00faa til glitrandi snj\u00f3effekt \u00e1 andlit. Br\u00e1\u00f0nar ekki. Fr\u00e1 framlei\u00f0anda: Ready-made product for glittering snow and frost effect. Does not melt!<\/p>","protected":false},"featured_media":39716,"template":"","meta":{"_et_pb_use_builder":"","_et_pb_old_content":"","_et_gb_content_width":""},"product_brand":[],"product_cat":[261],"product_tag":[],"class_list":{"0":"post-39711","1":"product","2":"type-product","3":"status-publish","4":"has-post-thumbnail","6":"product_cat-frost-and-snow","8":"first","9":"instock","10":"taxable","11":"shipping-taxable","12":"purchasable","13":"product-type-simple"},"_links":{"self":[{"href":"https:\/\/leiklist.is\/en\/wp-json\/wp\/v2\/product\/39711","targetHints":{"allow":["GET"]}}],"collection":[{"href":"https:\/\/leiklist.is\/en\/wp-json\/wp\/v2\/product"}],"about":[{"href":"https:\/\/leiklist.is\/en\/wp-json\/wp\/v2\/types\/product"}],"wp:featuredmedia":[{"embeddable":true,"href":"https:\/\/leiklist.is\/en\/wp-json\/wp\/v2\/media\/39716"}],"wp:attachment":[{"href":"https:\/\/leiklist.is\/en\/wp-json\/wp\/v2\/media?parent=39711"}],"wp:term":[{"taxonomy":"product_brand","embeddable":true,"href":"https:\/\/leiklist.is\/en\/wp-json\/wp\/v2\/product_brand?post=39711"},{"taxonomy":"product_cat","embeddable":true,"href":"https:\/\/leiklist.is\/en\/wp-json\/wp\/v2\/product_cat?post=39711"},{"taxonomy":"product_tag","embeddable":true,"href":"https:\/\/leiklist.is\/en\/wp-json\/wp\/v2\/product_tag?post=39711"}],"curies":[{"name":"wp","href":"https:\/\/api.w.org\/{rel}","templated":true}]}}