{"id":39705,"date":"2024-02-14T12:56:47","date_gmt":"2024-02-14T12:56:47","guid":{"rendered":"https:\/\/leiklist.is\/?post_type=product&#038;p=39705"},"modified":"2026-04-17T09:01:58","modified_gmt":"2026-04-17T09:01:58","slug":"glatzan-skallahetta","status":"publish","type":"product","link":"https:\/\/leiklist.is\/en\/product\/glatzan-skallahetta\/","title":{"rendered":"Glatzan skallahetta"},"content":{"rendered":"<p>Glatzan skallar eru s\u00e9rlega \u00feunnir og raunverulegir skallar fr\u00e1 Kryolan.<\/p>\n<p>M\u00e6lt er me\u00f0 a\u00f0 nota <a href=\"https:\/\/leiklist.is\/en\/product\/gf-qat-strong\/\">GF-QAT<\/a> gel til a\u00f0 festa ni\u00f0ur h\u00e1r. N\u00e1nari lei\u00f0beiningar m\u00e1 sj\u00e1 h\u00e9r:<br \/>\n<iframe loading=\"lazy\" title=\"Kryolan - Glatzan Application\" width=\"1080\" height=\"608\" src=\"https:\/\/www.youtube.com\/embed\/1WvJ0QIAE04?feature=oembed\" frameborder=\"0\" allow=\"accelerometer; autoplay; clipboard-write; encrypted-media; gyroscope; picture-in-picture; web-share\" referrerpolicy=\"strict-origin-when-cross-origin\" allowfullscreen><\/iframe><\/p>\n<p>Fr\u00e1 framlei\u00f0anda:<br \/>\nGlazan Bald Cap is a especially thin but tear-resistant plastic bald caps, made from the liquid bald cap material Glatzan. This bald cap is available in 2 sizes small and large. Glatzan Bald Cap is placed onto the model and is cut to fit the head. The edges are then secured with Mastix Spirit Gum, beginning with the forehead, then the nape of the neck, and finally at the temples and at the ears. When the plastic cap sits correctly, the edges can be smoothed out with thickened latex or Eyelash Adhesive, before make-up is applied. Although any make-up can be used, we particularly recommend special greasepaint for rubber items. As final step, Translucent Powder is carefully applied to the make-up.<\/p>","protected":false},"excerpt":{"rendered":"<p>Glatzan skallar eru s\u00e9rlega \u00feunnir og raunverulegir skallar fr\u00e1 Kryolan. M\u00e6lt er me\u00f0 a\u00f0 nota GF-QAT gel til a\u00f0 festa ni\u00f0ur h\u00e1r. N\u00e1nari lei\u00f0beiningar m\u00e1 sj\u00e1 h\u00e9r: Fr\u00e1 framlei\u00f0anda: Glazan Bald Cap is a especially thin but tear-resistant plastic bald caps, made from the liquid bald cap material Glatzan. This bald cap is available in [&hellip;]<\/p>\n","protected":false},"featured_media":39709,"template":"","meta":{"_et_pb_use_builder":"","_et_pb_old_content":"","_et_gb_content_width":""},"product_brand":[],"product_cat":[141],"product_tag":[75],"class_list":{"0":"post-39705","1":"product","2":"type-product","3":"status-publish","4":"has-post-thumbnail","6":"product_cat-skallar-gervagerd","7":"product_tag-kryolan","9":"first","10":"outofstock","11":"taxable","12":"shipping-taxable","13":"purchasable","14":"product-type-variable"},"_links":{"self":[{"href":"https:\/\/leiklist.is\/en\/wp-json\/wp\/v2\/product\/39705","targetHints":{"allow":["GET"]}}],"collection":[{"href":"https:\/\/leiklist.is\/en\/wp-json\/wp\/v2\/product"}],"about":[{"href":"https:\/\/leiklist.is\/en\/wp-json\/wp\/v2\/types\/product"}],"wp:featuredmedia":[{"embeddable":true,"href":"https:\/\/leiklist.is\/en\/wp-json\/wp\/v2\/media\/39709"}],"wp:attachment":[{"href":"https:\/\/leiklist.is\/en\/wp-json\/wp\/v2\/media?parent=39705"}],"wp:term":[{"taxonomy":"product_brand","embeddable":true,"href":"https:\/\/leiklist.is\/en\/wp-json\/wp\/v2\/product_brand?post=39705"},{"taxonomy":"product_cat","embeddable":true,"href":"https:\/\/leiklist.is\/en\/wp-json\/wp\/v2\/product_cat?post=39705"},{"taxonomy":"product_tag","embeddable":true,"href":"https:\/\/leiklist.is\/en\/wp-json\/wp\/v2\/product_tag?post=39705"}],"curies":[{"name":"wp","href":"https:\/\/api.w.org\/{rel}","templated":true}]}}