{"id":39595,"date":"2023-11-28T15:36:52","date_gmt":"2023-11-28T15:36:52","guid":{"rendered":"https:\/\/leiklist.is\/?post_type=product&#038;p=39595"},"modified":"2025-10-13T19:15:05","modified_gmt":"2025-10-13T19:15:05","slug":"burn-paste-brunasar","status":"publish","type":"product","link":"https:\/\/leiklist.is\/en\/product\/burn-paste-brunasar\/","title":{"rendered":"Burn Paste &#8211; Brunas\u00e1r"},"content":{"rendered":"<p class=\"p1\"><em>Burn Paste<\/em> fr\u00e1 Grimas er \u00feykkt og sl\u00edmkennt efni sem m\u00e1 bera beint \u00e1 h\u00fa\u00f0ina til a\u00f0 b\u00faa til \u00fdmsa \u201ebrunaeffekta\u201d. \u00dea\u00f0 er h\u00e6gt a\u00f0 m\u00f3ta \u00fea\u00f0 \u00ed nokkurn t\u00edma eftir a\u00f0 \u00fea\u00f0 er bori\u00f0 \u00e1 (ca. 5 m\u00edn) en \u00fea\u00f0 st\u00edfnar svo alveg. Varan f\u00e6st \u00ed 60 ml. t\u00fabum.<\/p>\n<p>Til a\u00f0 efni\u00f0 festi sig vel vi\u00f0 h\u00fa\u00f0ina er nau\u00f0synlegt a\u00f0 hreinsa hana vel fyrst og passa a\u00f0 h\u00fan s\u00e9 alveg fitufr\u00ed. Beri\u00f0 efni\u00f0 \u00e1 me\u00f0 spa\u00f0a og m\u00f3ti\u00f0 a\u00f0 vild. Noti\u00f0 Grimas Transparent Powder til a\u00f0 minnka glans. Loki\u00f0 t\u00fabunni vel eftir notkun.<\/p>\n<p class=\"p2\">Til a\u00f0 n\u00e1 efninu af h\u00fa\u00f0inni skal skrapa \u00fea\u00f0 af me\u00f0 spa\u00f0a og \u00fevo \u00fea\u00f0 sem eftir ver\u00f0ur fyrst me\u00f0 k\u00f6ldu vatni en s\u00ed\u00f0an me\u00f0 volgu vatni og s\u00e1pu.<\/p>\n<p class=\"p2\"><a href=\"https:\/\/www.grimas.nl\/website\/web2\/index.php?onderwerp=001494aa\">I<\/a><a href=\"https:\/\/www.grimas.nl\/shop\/000583sp\/8\/Total-Assortment\/Burn-Paste.html?scrollpoint=000583sp1#slide-4\">nnihaldsl\u00fdsing og n\u00e1nari uppl\u00fdsingar<\/a><a href=\"https:\/\/www.grimas.nl\/website\/web2\/index.php?onderwerp=001494aa\">.<\/a><\/p>","protected":false},"excerpt":{"rendered":"<p>Burn Paste fr\u00e1 Grimas er \u00feykkt og sl\u00edmkennt efni sem m\u00e1 bera beint \u00e1 h\u00fa\u00f0ina til a\u00f0 b\u00faa til \u00fdmsa \u201ebrunaeffekta\u201d. \u00dea\u00f0 er h\u00e6gt a\u00f0 m\u00f3ta \u00fea\u00f0 \u00ed nokkurn t\u00edma eftir a\u00f0 \u00fea\u00f0 er bori\u00f0 \u00e1 (ca. 5 m\u00edn) en \u00fea\u00f0 st\u00edfnar svo alveg. Varan f\u00e6st \u00ed 60 ml. t\u00fabum. Til a\u00f0 efni\u00f0 festi sig [&hellip;]<\/p>\n","protected":false},"featured_media":39596,"template":"","meta":{"_et_pb_use_builder":"","_et_pb_old_content":"","_et_gb_content_width":""},"product_brand":[],"product_cat":[247,82],"product_tag":[70],"class_list":{"0":"post-39595","1":"product","2":"type-product","3":"status-publish","4":"has-post-thumbnail","6":"product_cat-sar","7":"product_cat-ymislegt","8":"product_tag-grimas","10":"first","11":"instock","12":"taxable","13":"shipping-taxable","14":"purchasable","15":"product-type-simple"},"_links":{"self":[{"href":"https:\/\/leiklist.is\/en\/wp-json\/wp\/v2\/product\/39595","targetHints":{"allow":["GET"]}}],"collection":[{"href":"https:\/\/leiklist.is\/en\/wp-json\/wp\/v2\/product"}],"about":[{"href":"https:\/\/leiklist.is\/en\/wp-json\/wp\/v2\/types\/product"}],"wp:featuredmedia":[{"embeddable":true,"href":"https:\/\/leiklist.is\/en\/wp-json\/wp\/v2\/media\/39596"}],"wp:attachment":[{"href":"https:\/\/leiklist.is\/en\/wp-json\/wp\/v2\/media?parent=39595"}],"wp:term":[{"taxonomy":"product_brand","embeddable":true,"href":"https:\/\/leiklist.is\/en\/wp-json\/wp\/v2\/product_brand?post=39595"},{"taxonomy":"product_cat","embeddable":true,"href":"https:\/\/leiklist.is\/en\/wp-json\/wp\/v2\/product_cat?post=39595"},{"taxonomy":"product_tag","embeddable":true,"href":"https:\/\/leiklist.is\/en\/wp-json\/wp\/v2\/product_tag?post=39595"}],"curies":[{"name":"wp","href":"https:\/\/api.w.org\/{rel}","templated":true}]}}