{"id":39592,"date":"2023-11-28T15:19:32","date_gmt":"2023-11-28T15:19:32","guid":{"rendered":"https:\/\/leiklist.is\/?post_type=product&#038;p=39592"},"modified":"2023-11-28T15:26:02","modified_gmt":"2023-11-28T15:26:02","slug":"zombiehylki-fyllt-gelatin-5-stk","status":"publish","type":"product","link":"https:\/\/leiklist.is\/en\/product\/zombiehylki-fyllt-gelatin-5-stk\/","title":{"rendered":"Zombiehylki fyllt &#8211; Gelat\u00edn 5 stk"},"content":{"rendered":"<p><samp>Zombiehylki me\u00f0 gr\u00e6nni fro\u00f0u fyrir munn 5 stk. \u00ed d\u00f3s\u00a0<\/samp><\/p>\n<p><a href=\"https:\/\/www.grimas.nl\/shop\/000582sp\/8\/Total-Assortment\/Zombie-Capsules.html?scrollpoint=000582sp1\">N\u00e1nari uppl\u00fdsingar<\/a>.<\/p>","protected":false},"excerpt":{"rendered":"<p>Zombiehylki me\u00f0 gr\u00e6nni fro\u00f0u fyrir munn 5 stk. \u00ed d\u00f3s\u00a0 N\u00e1nari uppl\u00fdsingar.<\/p>","protected":false},"featured_media":39593,"template":"","meta":{"_et_pb_use_builder":"","_et_pb_old_content":"","_et_gb_content_width":""},"product_brand":[],"product_cat":[77],"product_tag":[70],"class_list":{"0":"post-39592","1":"product","2":"type-product","3":"status-publish","4":"has-post-thumbnail","6":"product_cat-gerviblod","7":"product_tag-grimas","9":"first","10":"instock","11":"taxable","12":"shipping-taxable","13":"purchasable","14":"product-type-simple"},"_links":{"self":[{"href":"https:\/\/leiklist.is\/en\/wp-json\/wp\/v2\/product\/39592","targetHints":{"allow":["GET"]}}],"collection":[{"href":"https:\/\/leiklist.is\/en\/wp-json\/wp\/v2\/product"}],"about":[{"href":"https:\/\/leiklist.is\/en\/wp-json\/wp\/v2\/types\/product"}],"wp:featuredmedia":[{"embeddable":true,"href":"https:\/\/leiklist.is\/en\/wp-json\/wp\/v2\/media\/39593"}],"wp:attachment":[{"href":"https:\/\/leiklist.is\/en\/wp-json\/wp\/v2\/media?parent=39592"}],"wp:term":[{"taxonomy":"product_brand","embeddable":true,"href":"https:\/\/leiklist.is\/en\/wp-json\/wp\/v2\/product_brand?post=39592"},{"taxonomy":"product_cat","embeddable":true,"href":"https:\/\/leiklist.is\/en\/wp-json\/wp\/v2\/product_cat?post=39592"},{"taxonomy":"product_tag","embeddable":true,"href":"https:\/\/leiklist.is\/en\/wp-json\/wp\/v2\/product_tag?post=39592"}],"curies":[{"name":"wp","href":"https:\/\/api.w.org\/{rel}","templated":true}]}}