{"id":39468,"date":"2023-11-01T09:19:21","date_gmt":"2023-11-01T09:19:21","guid":{"rendered":"https:\/\/leiklist.is\/?post_type=product&#038;p=39468"},"modified":"2026-01-20T11:39:38","modified_gmt":"2026-01-20T11:39:38","slug":"wax-ice-spray","status":"publish","type":"product","link":"https:\/\/leiklist.is\/en\/product\/wax-ice-spray\/","title":{"rendered":"Wax Icespray"},"content":{"rendered":"<p>\u00da\u00f0i til a\u00f0 herma eftir \u00e1hrifum frostbits og kulda.<\/p>\n<p>Af s\u00ed\u00f0u framlei\u00f0anda:<br \/>\n<em>&#8222;Wax Icespray achieves special effects on skin and hair, which is used in particular in film and television but also casualty simulations. Wax Icespray gives skin the typical gloss of injuries such as severe swelling or frostbite. When sprayed on hair you can achieve a realistic frost effect in seconds. Wax Icespay crystallizes in a few seconds in the desired effect. Remove with warm water and shampoo. Remove when applied to the skin with MME Spirit Gum Remover.&#8220;<\/em><\/p>","protected":false},"excerpt":{"rendered":"<p>\u00da\u00f0i til a\u00f0 herma eftir \u00e1hrifum frostbits og kulda. Af s\u00ed\u00f0u framlei\u00f0anda: &#8222;Wax Icespray achieves special effects on skin and hair, which is used in particular in film and television but also casualty simulations. Wax Icespray gives skin the typical gloss of injuries such as severe swelling or frostbite. When sprayed on hair you can [&hellip;]<\/p>\n","protected":false},"featured_media":39470,"template":"","meta":{"_et_pb_use_builder":"","_et_pb_old_content":"","_et_gb_content_width":""},"product_brand":[],"product_cat":[100],"product_tag":[],"class_list":{"0":"post-39468","1":"product","2":"type-product","3":"status-publish","4":"has-post-thumbnail","6":"product_cat-gervagerd","8":"first","9":"instock","10":"taxable","11":"shipping-taxable","12":"purchasable","13":"product-type-simple"},"_links":{"self":[{"href":"https:\/\/leiklist.is\/en\/wp-json\/wp\/v2\/product\/39468","targetHints":{"allow":["GET"]}}],"collection":[{"href":"https:\/\/leiklist.is\/en\/wp-json\/wp\/v2\/product"}],"about":[{"href":"https:\/\/leiklist.is\/en\/wp-json\/wp\/v2\/types\/product"}],"wp:featuredmedia":[{"embeddable":true,"href":"https:\/\/leiklist.is\/en\/wp-json\/wp\/v2\/media\/39470"}],"wp:attachment":[{"href":"https:\/\/leiklist.is\/en\/wp-json\/wp\/v2\/media?parent=39468"}],"wp:term":[{"taxonomy":"product_brand","embeddable":true,"href":"https:\/\/leiklist.is\/en\/wp-json\/wp\/v2\/product_brand?post=39468"},{"taxonomy":"product_cat","embeddable":true,"href":"https:\/\/leiklist.is\/en\/wp-json\/wp\/v2\/product_cat?post=39468"},{"taxonomy":"product_tag","embeddable":true,"href":"https:\/\/leiklist.is\/en\/wp-json\/wp\/v2\/product_tag?post=39468"}],"curies":[{"name":"wp","href":"https:\/\/api.w.org\/{rel}","templated":true}]}}