{"id":39392,"date":"2023-10-02T15:50:55","date_gmt":"2023-10-02T15:50:55","guid":{"rendered":"https:\/\/leiklist.is\/?post_type=product&#038;p=39392"},"modified":"2026-03-31T09:38:08","modified_gmt":"2026-03-31T09:38:08","slug":"old-age-stipple","status":"publish","type":"product","link":"https:\/\/leiklist.is\/en\/product\/old-age-stipple\/","title":{"rendered":"Old Age Stipple &#8211; Hrukkuefni"},"content":{"rendered":"<p>Old Age Stipple. Efni til a\u00f0 b\u00faa til hrukkur \u00e1 h\u00fa\u00f0.<\/p>\n<p>Fr\u00e1 framlei\u00f0anda:<br \/>\n<em>Old Age Stipple is a latex preparation for simulation of aged and wrinkled skin. Stretch the skin between thumb and index finger, and apply Old Age Stipple with a small latex sponge. Allow to dry; you can use a hair dryer to speed up drying. Then carefully apply powder. Repeat this procedure until the desired effect is achieved. For coloring, use Special Greasepaint for Rubber Items. For removal, Old Age Stipple can be peeled off the skin.<\/em><\/p>","protected":false},"excerpt":{"rendered":"<p>Old Age Stipple. Efni til a\u00f0 b\u00faa til hrukkur \u00e1 h\u00fa\u00f0. Fr\u00e1 framlei\u00f0anda: Old Age Stipple is a latex preparation for simulation of aged and wrinkled skin. Stretch the skin between thumb and index finger, and apply Old Age Stipple with a small latex sponge. Allow to dry; you can use a hair dryer to [&hellip;]<\/p>\n","protected":false},"featured_media":39394,"template":"","meta":{"_et_pb_use_builder":"","_et_pb_old_content":"","_et_gb_content_width":""},"product_brand":[],"product_cat":[99,100,124],"product_tag":[],"class_list":{"0":"post-39392","1":"product","2":"type-product","3":"status-publish","4":"has-post-thumbnail","6":"product_cat-fordun","7":"product_cat-gervagerd","8":"product_cat-latex-vax-gervagerd","10":"first","11":"outofstock","12":"taxable","13":"shipping-taxable","14":"purchasable","15":"product-type-simple"},"_links":{"self":[{"href":"https:\/\/leiklist.is\/en\/wp-json\/wp\/v2\/product\/39392","targetHints":{"allow":["GET"]}}],"collection":[{"href":"https:\/\/leiklist.is\/en\/wp-json\/wp\/v2\/product"}],"about":[{"href":"https:\/\/leiklist.is\/en\/wp-json\/wp\/v2\/types\/product"}],"wp:featuredmedia":[{"embeddable":true,"href":"https:\/\/leiklist.is\/en\/wp-json\/wp\/v2\/media\/39394"}],"wp:attachment":[{"href":"https:\/\/leiklist.is\/en\/wp-json\/wp\/v2\/media?parent=39392"}],"wp:term":[{"taxonomy":"product_brand","embeddable":true,"href":"https:\/\/leiklist.is\/en\/wp-json\/wp\/v2\/product_brand?post=39392"},{"taxonomy":"product_cat","embeddable":true,"href":"https:\/\/leiklist.is\/en\/wp-json\/wp\/v2\/product_cat?post=39392"},{"taxonomy":"product_tag","embeddable":true,"href":"https:\/\/leiklist.is\/en\/wp-json\/wp\/v2\/product_tag?post=39392"}],"curies":[{"name":"wp","href":"https:\/\/api.w.org\/{rel}","templated":true}]}}