{"id":39320,"date":"2023-08-10T11:51:42","date_gmt":"2023-08-10T11:51:42","guid":{"rendered":"https:\/\/leiklist.is\/?post_type=product&#038;p=39320"},"modified":"2024-10-24T19:04:58","modified_gmt":"2024-10-24T19:04:58","slug":"penslasett-grimas","status":"publish","type":"product","link":"https:\/\/leiklist.is\/en\/product\/penslasett-grimas\/","title":{"rendered":"Penslasett &#8211; Grimas"},"content":{"rendered":"<p>Penslasett \u00far gervih\u00e1ri.<\/p>\n<p>&nbsp;<\/p>\n<p>Fr\u00e1 framlei\u00f0anda:<br \/>\nThe set consists of 5 different synthetic brushes:<br \/>\n\u2022 The 2 round brushes (Round 1 &amp; 4) are very suitable for creating flowing line-work.<br \/>\n\u2022 The flower brush (Flora) is specially designed for painting flower petals and leaves in a quick and easy way.<br \/>\n\u2022 With the slanted brush (Angle) the width of the brush stroke can be varied easily by rotating the brush, as in calligraphy.<br \/>\n\u2022 The flat brush (Flat) is ideal for drawing bold lines and covering large surfaces.<br \/>\nThe brushes absorb the make-up quickly, lie in the hand comfortably and retain their shape well.<\/p>\n<p>Cleaning<br \/>\nClean the brushes with water and soap or shampoo. After washing, mould the wet hairs into the right shape by hand and leave the brush to dry on a towel. Do not leave the brush upright during drying, because the water will then be absorbed into the shaft. Do not leave the brushes standing in a bowl of water for long periods, because this is bad for the hairs.<\/p>\n<p>The hairs may discolour over time, but this does not affect the make-up result in any way.<\/p>","protected":false},"excerpt":{"rendered":"<p>Penslasett \u00far gervih\u00e1ri. &nbsp; Fr\u00e1 framlei\u00f0anda: The set consists of 5 different synthetic brushes: \u2022 The 2 round brushes (Round 1 &amp; 4) are very suitable for creating flowing line-work. \u2022 The flower brush (Flora) is specially designed for painting flower petals and leaves in a quick and easy way. \u2022 With the slanted brush [&hellip;]<\/p>\n","protected":false},"featured_media":39321,"template":"","meta":{"_et_pb_use_builder":"","_et_pb_old_content":"","_et_gb_content_width":""},"product_brand":[],"product_cat":[140],"product_tag":[70],"class_list":{"0":"post-39320","1":"product","2":"type-product","3":"status-publish","4":"has-post-thumbnail","6":"product_cat-penslar-ahold","7":"product_tag-grimas","9":"first","10":"outofstock","11":"taxable","12":"shipping-taxable","13":"purchasable","14":"product-type-simple"},"_links":{"self":[{"href":"https:\/\/leiklist.is\/en\/wp-json\/wp\/v2\/product\/39320","targetHints":{"allow":["GET"]}}],"collection":[{"href":"https:\/\/leiklist.is\/en\/wp-json\/wp\/v2\/product"}],"about":[{"href":"https:\/\/leiklist.is\/en\/wp-json\/wp\/v2\/types\/product"}],"wp:featuredmedia":[{"embeddable":true,"href":"https:\/\/leiklist.is\/en\/wp-json\/wp\/v2\/media\/39321"}],"wp:attachment":[{"href":"https:\/\/leiklist.is\/en\/wp-json\/wp\/v2\/media?parent=39320"}],"wp:term":[{"taxonomy":"product_brand","embeddable":true,"href":"https:\/\/leiklist.is\/en\/wp-json\/wp\/v2\/product_brand?post=39320"},{"taxonomy":"product_cat","embeddable":true,"href":"https:\/\/leiklist.is\/en\/wp-json\/wp\/v2\/product_cat?post=39320"},{"taxonomy":"product_tag","embeddable":true,"href":"https:\/\/leiklist.is\/en\/wp-json\/wp\/v2\/product_tag?post=39320"}],"curies":[{"name":"wp","href":"https:\/\/api.w.org\/{rel}","templated":true}]}}