{"id":38902,"date":"2023-05-17T11:24:14","date_gmt":"2023-05-17T11:24:14","guid":{"rendered":"https:\/\/leiklist.is\/?post_type=product&#038;p=38902"},"modified":"2026-04-27T10:55:57","modified_gmt":"2026-04-27T10:55:57","slug":"mild-spirit-gum-remover","status":"publish","type":"product","link":"https:\/\/leiklist.is\/en\/product\/mild-spirit-gum-remover\/","title":{"rendered":"Mild Spirit Gum Remover"},"content":{"rendered":"<p>Mildur l\u00edmleysir fyrir \u00fdmsar tegundir af Spirit Gum.<\/p>\n<p>Af s\u00ed\u00f0u framlei\u00f0anda:<\/p>\n<p>MME Spirit Gum Remover is an extra mild oil-containing preparation, kind to the skin, for removal of Spirit Gum, TV Spirit Gum, Ur-Spirit Gum, and other Spirit Gum products.<\/p>","protected":false},"excerpt":{"rendered":"<p>Mildur l\u00edmleysir fyrir \u00fdmsar tegundir af Spirit Gum. Af s\u00ed\u00f0u framlei\u00f0anda: MME Spirit Gum Remover is an extra mild oil-containing preparation, kind to the skin, for removal of Spirit Gum, TV Spirit Gum, Ur-Spirit Gum, and other Spirit Gum products.<\/p>","protected":false},"featured_media":38903,"template":"","meta":{"_et_pb_use_builder":"","_et_pb_old_content":"","_et_gb_content_width":""},"product_brand":[],"product_cat":[74,136],"product_tag":[75],"class_list":{"0":"post-38902","1":"product","2":"type-product","3":"status-publish","4":"has-post-thumbnail","6":"product_cat-hreinsivorur","7":"product_cat-lim-gervagerd","8":"product_tag-kryolan","10":"first","11":"instock","12":"taxable","13":"shipping-taxable","14":"purchasable","15":"product-type-simple"},"_links":{"self":[{"href":"https:\/\/leiklist.is\/en\/wp-json\/wp\/v2\/product\/38902","targetHints":{"allow":["GET"]}}],"collection":[{"href":"https:\/\/leiklist.is\/en\/wp-json\/wp\/v2\/product"}],"about":[{"href":"https:\/\/leiklist.is\/en\/wp-json\/wp\/v2\/types\/product"}],"wp:featuredmedia":[{"embeddable":true,"href":"https:\/\/leiklist.is\/en\/wp-json\/wp\/v2\/media\/38903"}],"wp:attachment":[{"href":"https:\/\/leiklist.is\/en\/wp-json\/wp\/v2\/media?parent=38902"}],"wp:term":[{"taxonomy":"product_brand","embeddable":true,"href":"https:\/\/leiklist.is\/en\/wp-json\/wp\/v2\/product_brand?post=38902"},{"taxonomy":"product_cat","embeddable":true,"href":"https:\/\/leiklist.is\/en\/wp-json\/wp\/v2\/product_cat?post=38902"},{"taxonomy":"product_tag","embeddable":true,"href":"https:\/\/leiklist.is\/en\/wp-json\/wp\/v2\/product_tag?post=38902"}],"curies":[{"name":"wp","href":"https:\/\/api.w.org\/{rel}","templated":true}]}}