{"id":38453,"date":"2023-02-03T13:32:16","date_gmt":"2023-02-03T13:32:16","guid":{"rendered":"https:\/\/leiklist.is\/?post_type=product&#038;p=38453"},"modified":"2023-02-06T14:55:47","modified_gmt":"2023-02-06T14:55:47","slug":"crystal-flakes","status":"publish","type":"product","link":"https:\/\/leiklist.is\/en\/product\/crystal-flakes\/","title":{"rendered":"Crystal Flakes"},"content":{"rendered":"<p>Glitrandi fl\u00f6gur \u00ed \u00fdmsum litum.<\/p>\n<p>Noti\u00f0 Fix Gel, Mastix vatnsleysanlegt l\u00edm e\u00f0a skeggbroddavax. Crystal Flakes leysast upp \u00ed vatni.<\/p>","protected":false},"excerpt":{"rendered":"<p>Glitrandi fl\u00f6gur \u00ed \u00fdmsum litum. Noti\u00f0 Fix Gel, Mastix vatnsleysanlegt l\u00edm e\u00f0a skeggbroddavax. Crystal Flakes leysast upp \u00ed vatni.<\/p>","protected":false},"featured_media":38461,"template":"","meta":{"_et_pb_use_builder":"","_et_pb_old_content":"","_et_gb_content_width":""},"product_brand":[],"product_cat":[144,82],"product_tag":[],"class_list":{"0":"post-38453","1":"product","2":"type-product","3":"status-publish","4":"has-post-thumbnail","6":"product_cat-annad-fordun","7":"product_cat-ymislegt","9":"first","10":"instock","11":"taxable","12":"shipping-taxable","13":"purchasable","14":"product-type-variable"},"_links":{"self":[{"href":"https:\/\/leiklist.is\/en\/wp-json\/wp\/v2\/product\/38453","targetHints":{"allow":["GET"]}}],"collection":[{"href":"https:\/\/leiklist.is\/en\/wp-json\/wp\/v2\/product"}],"about":[{"href":"https:\/\/leiklist.is\/en\/wp-json\/wp\/v2\/types\/product"}],"wp:featuredmedia":[{"embeddable":true,"href":"https:\/\/leiklist.is\/en\/wp-json\/wp\/v2\/media\/38461"}],"wp:attachment":[{"href":"https:\/\/leiklist.is\/en\/wp-json\/wp\/v2\/media?parent=38453"}],"wp:term":[{"taxonomy":"product_brand","embeddable":true,"href":"https:\/\/leiklist.is\/en\/wp-json\/wp\/v2\/product_brand?post=38453"},{"taxonomy":"product_cat","embeddable":true,"href":"https:\/\/leiklist.is\/en\/wp-json\/wp\/v2\/product_cat?post=38453"},{"taxonomy":"product_tag","embeddable":true,"href":"https:\/\/leiklist.is\/en\/wp-json\/wp\/v2\/product_tag?post=38453"}],"curies":[{"name":"wp","href":"https:\/\/api.w.org\/{rel}","templated":true}]}}