{"id":38342,"date":"2022-11-30T11:15:14","date_gmt":"2022-11-30T11:15:14","guid":{"rendered":"https:\/\/leiklist.is\/?post_type=product&#038;p=38342"},"modified":"2026-03-31T09:38:12","modified_gmt":"2026-03-31T09:38:12","slug":"gerviskegg-handunnid","status":"publish","type":"product","link":"https:\/\/leiklist.is\/en\/product\/gerviskegg-handunnid\/","title":{"rendered":"Gerviskegg handunni\u00f0"},"content":{"rendered":"<p>Handunni\u00f0 gerviskegg me\u00f0 neti.<\/p>","protected":false},"excerpt":{"rendered":"<p>Handunni\u00f0 gerviskegg me\u00f0 neti.<\/p>","protected":false},"featured_media":38349,"template":"","meta":{"_et_pb_use_builder":"","_et_pb_old_content":"","_et_gb_content_width":""},"product_brand":[],"product_cat":[133],"product_tag":[],"class_list":{"0":"post-38342","1":"product","2":"type-product","3":"status-publish","4":"has-post-thumbnail","6":"product_cat-skegg-harvorur","8":"first","9":"outofstock","10":"taxable","11":"shipping-taxable","12":"purchasable","13":"product-type-variable"},"_links":{"self":[{"href":"https:\/\/leiklist.is\/en\/wp-json\/wp\/v2\/product\/38342","targetHints":{"allow":["GET"]}}],"collection":[{"href":"https:\/\/leiklist.is\/en\/wp-json\/wp\/v2\/product"}],"about":[{"href":"https:\/\/leiklist.is\/en\/wp-json\/wp\/v2\/types\/product"}],"wp:featuredmedia":[{"embeddable":true,"href":"https:\/\/leiklist.is\/en\/wp-json\/wp\/v2\/media\/38349"}],"wp:attachment":[{"href":"https:\/\/leiklist.is\/en\/wp-json\/wp\/v2\/media?parent=38342"}],"wp:term":[{"taxonomy":"product_brand","embeddable":true,"href":"https:\/\/leiklist.is\/en\/wp-json\/wp\/v2\/product_brand?post=38342"},{"taxonomy":"product_cat","embeddable":true,"href":"https:\/\/leiklist.is\/en\/wp-json\/wp\/v2\/product_cat?post=38342"},{"taxonomy":"product_tag","embeddable":true,"href":"https:\/\/leiklist.is\/en\/wp-json\/wp\/v2\/product_tag?post=38342"}],"curies":[{"name":"wp","href":"https:\/\/api.w.org\/{rel}","templated":true}]}}