{"id":38221,"date":"2022-10-25T13:49:30","date_gmt":"2022-10-25T13:49:30","guid":{"rendered":"https:\/\/leiklist.is\/?post_type=product&#038;p=38221"},"modified":"2024-10-12T09:07:31","modified_gmt":"2024-10-12T09:07:31","slug":"kennslubaeklingar","status":"publish","type":"product","link":"https:\/\/leiklist.is\/en\/product\/kennslubaeklingar\/","title":{"rendered":"Kennslub\u00e6klingar"},"content":{"rendered":"<p>B\u00e6klingar me\u00f0 s\u00fdnid\u00e6mum um f\u00f6r\u00f0un. <strong>Face Painting<\/strong> og <strong>Special Make-up<\/strong>. Einnig fylgir me\u00f0 hverju d\u00e6mi listi yfir \u00fe\u00e6r v\u00f6rur sem nota\u00f0ar eru \u00ed vi\u00f0komandi d\u00e6mi.<\/p>","protected":false},"excerpt":{"rendered":"<p>B\u00e6klingar me\u00f0 s\u00fdnid\u00e6mum um f\u00f6r\u00f0un. Face Painting og Special Make-up. Einnig fylgir me\u00f0 hverju d\u00e6mi listi yfir \u00fe\u00e6r v\u00f6rur sem nota\u00f0ar eru \u00ed vi\u00f0komandi d\u00e6mi.<\/p>","protected":false},"featured_media":38224,"template":"","meta":{"_et_pb_use_builder":"","_et_pb_old_content":"","_et_gb_content_width":""},"product_brand":[],"product_cat":[144,99,82],"product_tag":[],"class_list":{"0":"post-38221","1":"product","2":"type-product","3":"status-publish","4":"has-post-thumbnail","6":"product_cat-annad-fordun","7":"product_cat-fordun","8":"product_cat-ymislegt","10":"first","11":"instock","12":"taxable","13":"shipping-taxable","14":"purchasable","15":"product-type-variable"},"_links":{"self":[{"href":"https:\/\/leiklist.is\/en\/wp-json\/wp\/v2\/product\/38221","targetHints":{"allow":["GET"]}}],"collection":[{"href":"https:\/\/leiklist.is\/en\/wp-json\/wp\/v2\/product"}],"about":[{"href":"https:\/\/leiklist.is\/en\/wp-json\/wp\/v2\/types\/product"}],"wp:featuredmedia":[{"embeddable":true,"href":"https:\/\/leiklist.is\/en\/wp-json\/wp\/v2\/media\/38224"}],"wp:attachment":[{"href":"https:\/\/leiklist.is\/en\/wp-json\/wp\/v2\/media?parent=38221"}],"wp:term":[{"taxonomy":"product_brand","embeddable":true,"href":"https:\/\/leiklist.is\/en\/wp-json\/wp\/v2\/product_brand?post=38221"},{"taxonomy":"product_cat","embeddable":true,"href":"https:\/\/leiklist.is\/en\/wp-json\/wp\/v2\/product_cat?post=38221"},{"taxonomy":"product_tag","embeddable":true,"href":"https:\/\/leiklist.is\/en\/wp-json\/wp\/v2\/product_tag?post=38221"}],"curies":[{"name":"wp","href":"https:\/\/api.w.org\/{rel}","templated":true}]}}