{"id":38140,"date":"2022-10-21T13:10:00","date_gmt":"2022-10-21T13:10:00","guid":{"rendered":"https:\/\/leiklist.is\/?post_type=product&#038;p=38140"},"modified":"2026-02-14T18:17:12","modified_gmt":"2026-02-14T18:17:12","slug":"gratstafur-tear-stick-fra-kryolan","status":"publish","type":"product","link":"https:\/\/leiklist.is\/en\/product\/gratstafur-tear-stick-fra-kryolan\/","title":{"rendered":"Gr\u00e1tstafur (Tear Stick) fr\u00e1 Kryolan"},"content":{"rendered":"<p>Stautur til a\u00f0 framkalla t\u00e1r.<\/p>\n<p>Af s\u00ed\u00f0u framlei\u00f0anda:<br \/>\n<em>Tear Stick is a wax stick in a lipstick mechanism, with an effective content of menthol and camphor extracts so as to generate natural tears. Apply Tear Stick to the skin, about 15 mm under the eye. Warmth from the skin will release the menthol and camphor vapors, which will rise to the eye and cause real tears to form.<\/em><\/p>","protected":false},"excerpt":{"rendered":"<p>Stautur til a\u00f0 framkalla t\u00e1r. Af s\u00ed\u00f0u framlei\u00f0anda: Tear Stick is a wax stick in a lipstick mechanism, with an effective content of menthol and camphor extracts so as to generate natural tears. Apply Tear Stick to the skin, about 15 mm under the eye. Warmth from the skin will release the menthol and camphor [&hellip;]<\/p>\n","protected":false},"featured_media":38143,"template":"","meta":{"_et_pb_use_builder":"","_et_pb_old_content":"","_et_gb_content_width":""},"product_brand":[],"product_cat":[134],"product_tag":[75],"class_list":{"0":"post-38140","1":"product","2":"type-product","3":"status-publish","4":"has-post-thumbnail","6":"product_cat-augu","7":"product_tag-kryolan","9":"first","10":"instock","11":"taxable","12":"shipping-taxable","13":"purchasable","14":"product-type-simple"},"_links":{"self":[{"href":"https:\/\/leiklist.is\/en\/wp-json\/wp\/v2\/product\/38140","targetHints":{"allow":["GET"]}}],"collection":[{"href":"https:\/\/leiklist.is\/en\/wp-json\/wp\/v2\/product"}],"about":[{"href":"https:\/\/leiklist.is\/en\/wp-json\/wp\/v2\/types\/product"}],"wp:featuredmedia":[{"embeddable":true,"href":"https:\/\/leiklist.is\/en\/wp-json\/wp\/v2\/media\/38143"}],"wp:attachment":[{"href":"https:\/\/leiklist.is\/en\/wp-json\/wp\/v2\/media?parent=38140"}],"wp:term":[{"taxonomy":"product_brand","embeddable":true,"href":"https:\/\/leiklist.is\/en\/wp-json\/wp\/v2\/product_brand?post=38140"},{"taxonomy":"product_cat","embeddable":true,"href":"https:\/\/leiklist.is\/en\/wp-json\/wp\/v2\/product_cat?post=38140"},{"taxonomy":"product_tag","embeddable":true,"href":"https:\/\/leiklist.is\/en\/wp-json\/wp\/v2\/product_tag?post=38140"}],"curies":[{"name":"wp","href":"https:\/\/api.w.org\/{rel}","templated":true}]}}