{"id":38009,"date":"2022-09-06T14:48:19","date_gmt":"2022-09-06T14:48:19","guid":{"rendered":"https:\/\/leiklist.is\/?post_type=product&#038;p=38009"},"modified":"2026-03-29T20:12:06","modified_gmt":"2026-03-29T20:12:06","slug":"vatnslitir-sjalflysandi-water-make-up-fluor-fra-grimas","status":"publish","type":"product","link":"https:\/\/leiklist.is\/en\/product\/vatnslitir-sjalflysandi-water-make-up-fluor-fra-grimas\/","title":{"rendered":"Vatnslitir sj\u00e1lfl\u00fdsandi -Water Make-up Fluor fr\u00e1 Grimas"},"content":{"rendered":"<p>Vatnslitir sj\u00e1lfl\u00fdsandi \u00ed blacklight, 2,5 ml.<\/p>\n<p>Fr\u00e1 framlei\u00f0anda:<br \/>\nWater Make-up Fluor has been specially developed to glow up under blacklight (ultraviolet light). In daylight there are 5 covering bright colours and 1 semi-transparent colour (010), but under UV light all colours glow up extremely and create the wow effect at parties and festivals!<\/p>","protected":false},"excerpt":{"rendered":"<p>Vatnslitir sj\u00e1lfl\u00fdsandi \u00ed blacklight, 2,5 ml. Fr\u00e1 framlei\u00f0anda: Water Make-up Fluor has been specially developed to glow up under blacklight (ultraviolet light). In daylight there are 5 covering bright colours and 1 semi-transparent colour (010), but under UV light all colours glow up extremely and create the wow effect at parties and festivals!<\/p>","protected":false},"featured_media":38025,"template":"","meta":{"_et_pb_use_builder":"","_et_pb_old_content":"","_et_gb_content_width":""},"product_brand":[],"product_cat":[69,128,73],"product_tag":[70],"class_list":{"0":"post-38009","1":"product","2":"type-product","3":"status-publish","4":"has-post-thumbnail","6":"product_cat-andlitslikamslitir","7":"product_cat-vatnslitir-fordun","8":"product_cat-fardi","9":"product_tag-grimas","11":"first","12":"instock","13":"taxable","14":"shipping-taxable","15":"purchasable","16":"product-type-variable"},"_links":{"self":[{"href":"https:\/\/leiklist.is\/en\/wp-json\/wp\/v2\/product\/38009","targetHints":{"allow":["GET"]}}],"collection":[{"href":"https:\/\/leiklist.is\/en\/wp-json\/wp\/v2\/product"}],"about":[{"href":"https:\/\/leiklist.is\/en\/wp-json\/wp\/v2\/types\/product"}],"wp:featuredmedia":[{"embeddable":true,"href":"https:\/\/leiklist.is\/en\/wp-json\/wp\/v2\/media\/38025"}],"wp:attachment":[{"href":"https:\/\/leiklist.is\/en\/wp-json\/wp\/v2\/media?parent=38009"}],"wp:term":[{"taxonomy":"product_brand","embeddable":true,"href":"https:\/\/leiklist.is\/en\/wp-json\/wp\/v2\/product_brand?post=38009"},{"taxonomy":"product_cat","embeddable":true,"href":"https:\/\/leiklist.is\/en\/wp-json\/wp\/v2\/product_cat?post=38009"},{"taxonomy":"product_tag","embeddable":true,"href":"https:\/\/leiklist.is\/en\/wp-json\/wp\/v2\/product_tag?post=38009"}],"curies":[{"name":"wp","href":"https:\/\/api.w.org\/{rel}","templated":true}]}}