{"id":37409,"date":"2022-04-19T13:07:29","date_gmt":"2022-04-19T13:07:29","guid":{"rendered":"https:\/\/leiklist.is\/?post_type=product&#038;p=37409"},"modified":"2023-01-16T15:02:59","modified_gmt":"2023-01-16T15:02:59","slug":"make-up-remover-100-ml","status":"publish","type":"product","link":"https:\/\/leiklist.is\/en\/product\/make-up-remover-100-ml\/","title":{"rendered":"Make-up remover 100 ml"},"content":{"rendered":"<p>Ol\u00edubasera\u00f0ur v\u00f6kvi til a\u00f0 hreinsa far\u00f0a. Hentar ekki fyrir vatnsliti.<\/p>","protected":false},"excerpt":{"rendered":"<p>Ol\u00edubasera\u00f0ur v\u00f6kvi til a\u00f0 hreinsa far\u00f0a. Hentar ekki fyrir vatnsliti.<\/p>","protected":false},"featured_media":37410,"template":"","meta":{"_et_pb_use_builder":"","_et_pb_old_content":"","_et_gb_content_width":""},"product_brand":[],"product_cat":[74,127],"product_tag":[],"class_list":{"0":"post-37409","1":"product","2":"type-product","3":"status-publish","4":"has-post-thumbnail","6":"product_cat-hreinsivorur","7":"product_cat-make-up","9":"first","10":"instock","11":"taxable","12":"shipping-taxable","13":"purchasable","14":"product-type-simple"},"_links":{"self":[{"href":"https:\/\/leiklist.is\/en\/wp-json\/wp\/v2\/product\/37409","targetHints":{"allow":["GET"]}}],"collection":[{"href":"https:\/\/leiklist.is\/en\/wp-json\/wp\/v2\/product"}],"about":[{"href":"https:\/\/leiklist.is\/en\/wp-json\/wp\/v2\/types\/product"}],"wp:featuredmedia":[{"embeddable":true,"href":"https:\/\/leiklist.is\/en\/wp-json\/wp\/v2\/media\/37410"}],"wp:attachment":[{"href":"https:\/\/leiklist.is\/en\/wp-json\/wp\/v2\/media?parent=37409"}],"wp:term":[{"taxonomy":"product_brand","embeddable":true,"href":"https:\/\/leiklist.is\/en\/wp-json\/wp\/v2\/product_brand?post=37409"},{"taxonomy":"product_cat","embeddable":true,"href":"https:\/\/leiklist.is\/en\/wp-json\/wp\/v2\/product_cat?post=37409"},{"taxonomy":"product_tag","embeddable":true,"href":"https:\/\/leiklist.is\/en\/wp-json\/wp\/v2\/product_tag?post=37409"}],"curies":[{"name":"wp","href":"https:\/\/api.w.org\/{rel}","templated":true}]}}