{"id":37308,"date":"2022-03-23T11:24:03","date_gmt":"2022-03-23T11:24:03","guid":{"rendered":"https:\/\/leiklist.is\/?post_type=product&#038;p=37308"},"modified":"2025-10-20T18:07:50","modified_gmt":"2025-10-20T18:07:50","slug":"saratattu","status":"publish","type":"product","link":"https:\/\/leiklist.is\/en\/product\/saratattu\/","title":{"rendered":"S\u00e1ratatt\u00fa"},"content":{"rendered":"<p>\u00c1l\u00edmd tatt\u00fa.<\/p>\n<p>Notkunarlei\u00f0beiningar:<\/p>\n<ol>\n<li>Klippi\u00f0 \u00fat \u00fe\u00e1 s\u00e1rategund sem \u00e6tlunin er a\u00f0 nota.<\/li>\n<li>Fjarl\u00e6gi\u00f0 filmuna sem er ofan \u00e1 s\u00e1rinu.<\/li>\n<li>Setji\u00f0 \u00e1 h\u00fa\u00f0ina (hv\u00edta hli\u00f0in sn\u00fdr upp)<\/li>\n<li>Bleyti\u00f0 svamp e\u00f0a papp\u00edr me\u00f0 vatni og beri\u00f0 \u00e1 hv\u00edtu hli\u00f0ina Haldi\u00f0 \u00fe\u00e9tt a\u00f0 h\u00fa\u00f0inni \u00e1n \u00feess a\u00f0 bla\u00f0i\u00f0 hreyfist \u00ed 20-30 sek\u00fandur.<\/li>\n<li>Lyfti\u00f0 bla\u00f0inu varlega af og tatt\u00fai\u00f0 \u00e1 \u00fe\u00e1 a\u00f0 haldast \u00e1 h\u00fa\u00f0inni.<\/li>\n<li>L\u00e1ti\u00f0 \u00feorna \u00ed 1-2 m\u00edn\u00fatur a.m.k.<\/li>\n<\/ol>\n<p>Ef tatt\u00fai\u00f0 virkar laust \u00e1 h\u00fa\u00f0inni, beri\u00f0 varlega rakan svamp e\u00f0a papp\u00edr \u00e1 \u00fea\u00f0. Best ending ef h\u00e6gt er a\u00f0 halda ttatt\u00fainu \u00feurru \u00ed 2 klst.<br \/>\nEndist u.\u00fe.b. 3-5 daga eftir atvikum.<\/p>\n<p data-spm-anchor-id=\"a2g0o.detail.1000023.i4.241a2e082R61cu\">Noti\u00f0 alk\u00f3h\u00f3llausn e\u00f0a barnaol\u00edu til a\u00f0 fjarl\u00e6gja.<\/p>","protected":false},"excerpt":{"rendered":"<p>\u00c1l\u00edmd tatt\u00fa. Notkunarlei\u00f0beiningar: Klippi\u00f0 \u00fat \u00fe\u00e1 s\u00e1rategund sem \u00e6tlunin er a\u00f0 nota. Fjarl\u00e6gi\u00f0 filmuna sem er ofan \u00e1 s\u00e1rinu. Setji\u00f0 \u00e1 h\u00fa\u00f0ina (hv\u00edta hli\u00f0in sn\u00fdr upp) Bleyti\u00f0 svamp e\u00f0a papp\u00edr me\u00f0 vatni og beri\u00f0 \u00e1 hv\u00edtu hli\u00f0ina Haldi\u00f0 \u00fe\u00e9tt a\u00f0 h\u00fa\u00f0inni \u00e1n \u00feess a\u00f0 bla\u00f0i\u00f0 hreyfist \u00ed 20-30 sek\u00fandur. Lyfti\u00f0 bla\u00f0inu varlega af og tatt\u00fai\u00f0 [&hellip;]<\/p>\n","protected":false},"featured_media":37309,"template":"","meta":{"_et_pb_use_builder":"","_et_pb_old_content":"","_et_gb_content_width":""},"product_brand":[],"product_cat":[247],"product_tag":[],"class_list":{"0":"post-37308","1":"product","2":"type-product","3":"status-publish","4":"has-post-thumbnail","6":"product_cat-sar","8":"first","9":"instock","10":"taxable","11":"shipping-taxable","12":"purchasable","13":"product-type-simple"},"_links":{"self":[{"href":"https:\/\/leiklist.is\/en\/wp-json\/wp\/v2\/product\/37308","targetHints":{"allow":["GET"]}}],"collection":[{"href":"https:\/\/leiklist.is\/en\/wp-json\/wp\/v2\/product"}],"about":[{"href":"https:\/\/leiklist.is\/en\/wp-json\/wp\/v2\/types\/product"}],"wp:featuredmedia":[{"embeddable":true,"href":"https:\/\/leiklist.is\/en\/wp-json\/wp\/v2\/media\/37309"}],"wp:attachment":[{"href":"https:\/\/leiklist.is\/en\/wp-json\/wp\/v2\/media?parent=37308"}],"wp:term":[{"taxonomy":"product_brand","embeddable":true,"href":"https:\/\/leiklist.is\/en\/wp-json\/wp\/v2\/product_brand?post=37308"},{"taxonomy":"product_cat","embeddable":true,"href":"https:\/\/leiklist.is\/en\/wp-json\/wp\/v2\/product_cat?post=37308"},{"taxonomy":"product_tag","embeddable":true,"href":"https:\/\/leiklist.is\/en\/wp-json\/wp\/v2\/product_tag?post=37308"}],"curies":[{"name":"wp","href":"https:\/\/api.w.org\/{rel}","templated":true}]}}