{"id":37148,"date":"2022-02-17T11:38:21","date_gmt":"2022-02-17T11:38:21","guid":{"rendered":"https:\/\/leiklist.is\/?post_type=product&#038;p=37148"},"modified":"2026-02-09T12:08:47","modified_gmt":"2026-02-09T12:08:47","slug":"penslar-torey-kryolan","status":"publish","type":"product","link":"https:\/\/leiklist.is\/en\/product\/penslar-torey-kryolan\/","title":{"rendered":"Penslar &#8211; Torey fr\u00e1 Kryolan"},"content":{"rendered":"<p>Toreypenslar \u00far jap\u00f6nsku g\u00e6\u00f0agervih\u00e1ri fr\u00e1 Kryolan.<\/p>\n<p><em>Fr\u00e1 Kryolan:<\/em><br \/>\n<em>Top-quality synthetic Japanese Fibres are used by carefully selected brushmakers to craft this professional make-up brush. The result is an outstanding make-up brush for many and various applications. One of the chief characteristics of Torey brushes is that they absorb only a little make-up at a time, which means they are economical in consumption of make-up products.<\/em><\/p>","protected":false},"excerpt":{"rendered":"<p>Toreypenslar \u00far jap\u00f6nsku g\u00e6\u00f0agervih\u00e1ri fr\u00e1 Kryolan. Fr\u00e1 Kryolan: Top-quality synthetic Japanese Fibres are used by carefully selected brushmakers to craft this professional make-up brush. The result is an outstanding make-up brush for many and various applications. One of the chief characteristics of Torey brushes is that they absorb only a little make-up at a time, [&hellip;]<\/p>\n","protected":false},"featured_media":37154,"template":"","meta":{"_et_pb_use_builder":"","_et_pb_old_content":"","_et_gb_content_width":""},"product_brand":[],"product_cat":[103,140],"product_tag":[75],"class_list":{"0":"post-37148","1":"product","2":"type-product","3":"status-publish","4":"has-post-thumbnail","6":"product_cat-ahold","7":"product_cat-penslar-ahold","8":"product_tag-kryolan","10":"first","11":"instock","12":"taxable","13":"shipping-taxable","14":"purchasable","15":"product-type-variable"},"_links":{"self":[{"href":"https:\/\/leiklist.is\/en\/wp-json\/wp\/v2\/product\/37148","targetHints":{"allow":["GET"]}}],"collection":[{"href":"https:\/\/leiklist.is\/en\/wp-json\/wp\/v2\/product"}],"about":[{"href":"https:\/\/leiklist.is\/en\/wp-json\/wp\/v2\/types\/product"}],"wp:featuredmedia":[{"embeddable":true,"href":"https:\/\/leiklist.is\/en\/wp-json\/wp\/v2\/media\/37154"}],"wp:attachment":[{"href":"https:\/\/leiklist.is\/en\/wp-json\/wp\/v2\/media?parent=37148"}],"wp:term":[{"taxonomy":"product_brand","embeddable":true,"href":"https:\/\/leiklist.is\/en\/wp-json\/wp\/v2\/product_brand?post=37148"},{"taxonomy":"product_cat","embeddable":true,"href":"https:\/\/leiklist.is\/en\/wp-json\/wp\/v2\/product_cat?post=37148"},{"taxonomy":"product_tag","embeddable":true,"href":"https:\/\/leiklist.is\/en\/wp-json\/wp\/v2\/product_tag?post=37148"}],"curies":[{"name":"wp","href":"https:\/\/api.w.org\/{rel}","templated":true}]}}