{"id":37013,"date":"2021-12-10T09:58:41","date_gmt":"2021-12-10T09:58:41","guid":{"rendered":"https:\/\/leiklist.is\/?post_type=product&#038;p=37013"},"modified":"2023-01-16T15:20:16","modified_gmt":"2023-01-16T15:20:16","slug":"sigarettur-med-glod","status":"publish","type":"product","link":"https:\/\/leiklist.is\/en\/product\/sigarettur-med-glod\/","title":{"rendered":"S\u00edgarettur me\u00f0 &#8222;gl\u00f3\u00f0&#8220;"},"content":{"rendered":"<p>Gervis\u00edgarettur fyrir leikh\u00fas. &#8222;Gl\u00f3\u00f0&#8220; sem virkar raunveruleg \u00far fjarl\u00e6g\u00f0. 5 stk. \u00ed pk.<\/p>\n<p>ATH! Gefa <strong>EKKI<\/strong> fr\u00e1 s\u00e9r reyk!<\/p>","protected":false},"excerpt":{"rendered":"<p>Gervis\u00edgarettur fyrir leikh\u00fas. &#8222;Gl\u00f3\u00f0&#8220; sem virkar raunveruleg \u00far fjarl\u00e6g\u00f0. 5 stk. \u00ed pk. ATH! Gefa EKKI fr\u00e1 s\u00e9r reyk!<\/p>","protected":false},"featured_media":37014,"template":"","meta":{"_et_pb_use_builder":"","_et_pb_old_content":"","_et_gb_content_width":""},"product_brand":[],"product_cat":[82],"product_tag":[],"class_list":{"0":"post-37013","1":"product","2":"type-product","3":"status-publish","4":"has-post-thumbnail","6":"product_cat-ymislegt","8":"first","9":"outofstock","10":"taxable","11":"shipping-taxable","12":"purchasable","13":"product-type-simple"},"_links":{"self":[{"href":"https:\/\/leiklist.is\/en\/wp-json\/wp\/v2\/product\/37013","targetHints":{"allow":["GET"]}}],"collection":[{"href":"https:\/\/leiklist.is\/en\/wp-json\/wp\/v2\/product"}],"about":[{"href":"https:\/\/leiklist.is\/en\/wp-json\/wp\/v2\/types\/product"}],"wp:featuredmedia":[{"embeddable":true,"href":"https:\/\/leiklist.is\/en\/wp-json\/wp\/v2\/media\/37014"}],"wp:attachment":[{"href":"https:\/\/leiklist.is\/en\/wp-json\/wp\/v2\/media?parent=37013"}],"wp:term":[{"taxonomy":"product_brand","embeddable":true,"href":"https:\/\/leiklist.is\/en\/wp-json\/wp\/v2\/product_brand?post=37013"},{"taxonomy":"product_cat","embeddable":true,"href":"https:\/\/leiklist.is\/en\/wp-json\/wp\/v2\/product_cat?post=37013"},{"taxonomy":"product_tag","embeddable":true,"href":"https:\/\/leiklist.is\/en\/wp-json\/wp\/v2\/product_tag?post=37013"}],"curies":[{"name":"wp","href":"https:\/\/api.w.org\/{rel}","templated":true}]}}