{"id":36964,"date":"2021-12-02T14:24:13","date_gmt":"2021-12-02T14:24:13","guid":{"rendered":"https:\/\/leiklist.is\/?post_type=product&#038;p=36964"},"modified":"2023-01-16T15:17:32","modified_gmt":"2023-01-16T15:17:32","slug":"glitgel","status":"publish","type":"product","link":"https:\/\/leiklist.is\/en\/product\/glitgel\/","title":{"rendered":"Glitgel &#8211; Shimmer Gel"},"content":{"rendered":"<p>Glitgel fr\u00e1 Grimas, \u00fer\u00edr litir, 8 ml. t\u00fapa.<\/p>\n<p>&nbsp;<\/p>","protected":false},"excerpt":{"rendered":"<p>Glitgel fr\u00e1 Grimas, \u00fer\u00edr litir, 8 ml. t\u00fapa. &nbsp;<\/p>","protected":false},"featured_media":15757,"template":"","meta":{"_et_pb_use_builder":"","_et_pb_old_content":"","_et_gb_content_width":""},"product_brand":[],"product_cat":[69,127],"product_tag":[70],"class_list":{"0":"post-36964","1":"product","2":"type-product","3":"status-publish","4":"has-post-thumbnail","6":"product_cat-andlitslikamslitir","7":"product_cat-make-up","8":"product_tag-grimas","10":"first","11":"instock","12":"taxable","13":"shipping-taxable","14":"purchasable","15":"product-type-variable"},"_links":{"self":[{"href":"https:\/\/leiklist.is\/en\/wp-json\/wp\/v2\/product\/36964","targetHints":{"allow":["GET"]}}],"collection":[{"href":"https:\/\/leiklist.is\/en\/wp-json\/wp\/v2\/product"}],"about":[{"href":"https:\/\/leiklist.is\/en\/wp-json\/wp\/v2\/types\/product"}],"wp:featuredmedia":[{"embeddable":true,"href":"https:\/\/leiklist.is\/en\/wp-json\/wp\/v2\/media\/15757"}],"wp:attachment":[{"href":"https:\/\/leiklist.is\/en\/wp-json\/wp\/v2\/media?parent=36964"}],"wp:term":[{"taxonomy":"product_brand","embeddable":true,"href":"https:\/\/leiklist.is\/en\/wp-json\/wp\/v2\/product_brand?post=36964"},{"taxonomy":"product_cat","embeddable":true,"href":"https:\/\/leiklist.is\/en\/wp-json\/wp\/v2\/product_cat?post=36964"},{"taxonomy":"product_tag","embeddable":true,"href":"https:\/\/leiklist.is\/en\/wp-json\/wp\/v2\/product_tag?post=36964"}],"curies":[{"name":"wp","href":"https:\/\/api.w.org\/{rel}","templated":true}]}}