{"id":36912,"date":"2021-12-01T12:20:40","date_gmt":"2021-12-01T12:20:40","guid":{"rendered":"https:\/\/leiklist.is\/?post_type=product&#038;p=36912"},"modified":"2023-01-16T15:18:16","modified_gmt":"2023-01-16T15:18:16","slug":"blusher-set-motion-skyggingasett","status":"publish","type":"product","link":"https:\/\/leiklist.is\/en\/product\/blusher-set-motion-skyggingasett\/","title":{"rendered":"Blusher Set Motion &#8211; Skyggingasett"},"content":{"rendered":"<p>Palletta me\u00f0 augn- og kinnalit fr\u00e1 Kryolan, 8 litir.Fr\u00e1b\u00e6rt sett me\u00f0 g\u00e6\u00f0alitum.<\/p>\n<p>Sj\u00e1 n\u00e1nar: https:\/\/global.kryolan.com\/product\/blusher-palette-8-colors#Motion<\/p>","protected":false},"excerpt":{"rendered":"<p>Palletta me\u00f0 augn- og kinnalit fr\u00e1 Kryolan, 8 litir.Fr\u00e1b\u00e6rt sett me\u00f0 g\u00e6\u00f0alitum. Sj\u00e1 n\u00e1nar: https:\/\/global.kryolan.com\/product\/blusher-palette-8-colors#Motion<\/p>","protected":false},"featured_media":36913,"template":"","meta":{"_et_pb_use_builder":"","_et_pb_old_content":"","_et_gb_content_width":""},"product_brand":[],"product_cat":[137,99],"product_tag":[],"class_list":{"0":"post-36912","1":"product","2":"type-product","3":"status-publish","4":"has-post-thumbnail","6":"product_cat-augnskuggar-augu","7":"product_cat-fordun","9":"first","10":"outofstock","11":"taxable","12":"shipping-taxable","13":"purchasable","14":"product-type-simple"},"_links":{"self":[{"href":"https:\/\/leiklist.is\/en\/wp-json\/wp\/v2\/product\/36912","targetHints":{"allow":["GET"]}}],"collection":[{"href":"https:\/\/leiklist.is\/en\/wp-json\/wp\/v2\/product"}],"about":[{"href":"https:\/\/leiklist.is\/en\/wp-json\/wp\/v2\/types\/product"}],"wp:featuredmedia":[{"embeddable":true,"href":"https:\/\/leiklist.is\/en\/wp-json\/wp\/v2\/media\/36913"}],"wp:attachment":[{"href":"https:\/\/leiklist.is\/en\/wp-json\/wp\/v2\/media?parent=36912"}],"wp:term":[{"taxonomy":"product_brand","embeddable":true,"href":"https:\/\/leiklist.is\/en\/wp-json\/wp\/v2\/product_brand?post=36912"},{"taxonomy":"product_cat","embeddable":true,"href":"https:\/\/leiklist.is\/en\/wp-json\/wp\/v2\/product_cat?post=36912"},{"taxonomy":"product_tag","embeddable":true,"href":"https:\/\/leiklist.is\/en\/wp-json\/wp\/v2\/product_tag?post=36912"}],"curies":[{"name":"wp","href":"https:\/\/api.w.org\/{rel}","templated":true}]}}