{"id":36826,"date":"2021-11-02T14:49:37","date_gmt":"2021-11-02T14:49:37","guid":{"rendered":"https:\/\/leiklist.is\/?post_type=product&#038;p=36826"},"modified":"2026-02-18T20:31:19","modified_gmt":"2026-02-18T20:31:19","slug":"bloodpaste","status":"publish","type":"product","link":"https:\/\/leiklist.is\/en\/product\/bloodpaste\/","title":{"rendered":"Bl\u00f3\u00f0hlaup &#8211; Bloodpaste"},"content":{"rendered":"<p>Mj\u00fakt hlaup til a\u00f0 vinna me\u00f0 s\u00e1r.<\/p>","protected":false},"excerpt":{"rendered":"<p>Mj\u00fakt hlaup til a\u00f0 vinna me\u00f0 s\u00e1r.<\/p>","protected":false},"featured_media":36827,"template":"","meta":{"_et_pb_use_builder":"","_et_pb_old_content":"","_et_gb_content_width":""},"product_brand":[],"product_cat":[247,82],"product_tag":[70],"class_list":{"0":"post-36826","1":"product","2":"type-product","3":"status-publish","4":"has-post-thumbnail","6":"product_cat-sar","7":"product_cat-ymislegt","8":"product_tag-grimas","10":"first","11":"instock","12":"taxable","13":"shipping-taxable","14":"purchasable","15":"product-type-simple"},"_links":{"self":[{"href":"https:\/\/leiklist.is\/en\/wp-json\/wp\/v2\/product\/36826","targetHints":{"allow":["GET"]}}],"collection":[{"href":"https:\/\/leiklist.is\/en\/wp-json\/wp\/v2\/product"}],"about":[{"href":"https:\/\/leiklist.is\/en\/wp-json\/wp\/v2\/types\/product"}],"wp:featuredmedia":[{"embeddable":true,"href":"https:\/\/leiklist.is\/en\/wp-json\/wp\/v2\/media\/36827"}],"wp:attachment":[{"href":"https:\/\/leiklist.is\/en\/wp-json\/wp\/v2\/media?parent=36826"}],"wp:term":[{"taxonomy":"product_brand","embeddable":true,"href":"https:\/\/leiklist.is\/en\/wp-json\/wp\/v2\/product_brand?post=36826"},{"taxonomy":"product_cat","embeddable":true,"href":"https:\/\/leiklist.is\/en\/wp-json\/wp\/v2\/product_cat?post=36826"},{"taxonomy":"product_tag","embeddable":true,"href":"https:\/\/leiklist.is\/en\/wp-json\/wp\/v2\/product_tag?post=36826"}],"curies":[{"name":"wp","href":"https:\/\/api.w.org\/{rel}","templated":true}]}}