{"id":36607,"date":"2021-08-30T10:53:32","date_gmt":"2021-08-30T10:53:32","guid":{"rendered":"https:\/\/leiklist.is\/?post_type=product&#038;p=36607"},"modified":"2026-02-24T10:13:30","modified_gmt":"2026-02-24T10:13:30","slug":"vatnslitir-grimas-pearl","status":"publish","type":"product","link":"https:\/\/leiklist.is\/en\/product\/vatnslitir-grimas-pearl\/","title":{"rendered":"Vatnslitir Grimas Pearl"},"content":{"rendered":"<p>Tilbrig\u00f0i vi\u00f0 hina vins\u00e6lu vatnsliti fr\u00e1 Grimas. \u00deessir litir eru a\u00f0 \u00f6llu leyti eins nema \u00feeir gefa perlu\u00e1fer\u00f0.<\/p>\n<p>Vatnslitirnir fr\u00e1 Grimas \u00ed Hollandi eru framleiddir undir str\u00f6ngu g\u00e6\u00f0aeftirliti, ofn\u00e6mispr\u00f3fa\u00f0ir og innihalda engin ska\u00f0leg efni. Fj\u00f6lmargir grunn- og leiksk\u00f3lar allt \u00ed kringum landi\u00f0 eru fastir k\u00fannar hj\u00e1 okkur og segir \u00fea\u00f0 meira en m\u00f6rg or\u00f0 um g\u00e6\u00f0i litanna, en leik- og grunnsk\u00f3lakennarar vilja au\u00f0vita\u00f0 bara \u00fea\u00f0 besta fyrir vi\u00f0kv\u00e6ma h\u00fa\u00f0 barnanna.<br \/>\nPerluvatnslitirnir f\u00e1st \u00ed 15, 25 og 60 ml. d\u00f3sum.<br \/>\nEin 15 ml. d\u00f3s dugar \u00e1 15-20 heilm\u00e1lu\u00f0 andlit.<br \/>\nLiturinn er nota\u00f0ur eins og venjulegir vatnslitir, borinn \u00e1 me\u00f0 blautum pensli e\u00f0a svampi og n\u00e6st af me\u00f0 vatni og s\u00e1pu.<\/p>","protected":false},"excerpt":{"rendered":"<p>Tilbrig\u00f0i vi\u00f0 hina vins\u00e6lu vatnsliti fr\u00e1 Grimas. \u00deessir litir eru a\u00f0 \u00f6llu leyti eins nema \u00feeir gefa perlu\u00e1fer\u00f0. Vatnslitirnir fr\u00e1 Grimas \u00ed Hollandi eru framleiddir undir str\u00f6ngu g\u00e6\u00f0aeftirliti, ofn\u00e6mispr\u00f3fa\u00f0ir og innihalda engin ska\u00f0leg efni. Fj\u00f6lmargir grunn- og leiksk\u00f3lar allt \u00ed kringum landi\u00f0 eru fastir k\u00fannar hj\u00e1 okkur og segir \u00fea\u00f0 meira en m\u00f6rg or\u00f0 um [&hellip;]<\/p>\n","protected":false},"featured_media":36617,"template":"","meta":{"_et_pb_use_builder":"","_et_pb_old_content":"","_et_gb_content_width":""},"product_brand":[],"product_cat":[126,69,73],"product_tag":[70],"class_list":{"0":"post-36607","1":"product","2":"type-product","3":"status-publish","4":"has-post-thumbnail","6":"product_cat-andlits-likamslitir","7":"product_cat-andlitslikamslitir","8":"product_cat-fardi","9":"product_tag-grimas","11":"first","12":"instock","13":"taxable","14":"shipping-taxable","15":"purchasable","16":"product-type-variable"},"_links":{"self":[{"href":"https:\/\/leiklist.is\/en\/wp-json\/wp\/v2\/product\/36607","targetHints":{"allow":["GET"]}}],"collection":[{"href":"https:\/\/leiklist.is\/en\/wp-json\/wp\/v2\/product"}],"about":[{"href":"https:\/\/leiklist.is\/en\/wp-json\/wp\/v2\/types\/product"}],"wp:featuredmedia":[{"embeddable":true,"href":"https:\/\/leiklist.is\/en\/wp-json\/wp\/v2\/media\/36617"}],"wp:attachment":[{"href":"https:\/\/leiklist.is\/en\/wp-json\/wp\/v2\/media?parent=36607"}],"wp:term":[{"taxonomy":"product_brand","embeddable":true,"href":"https:\/\/leiklist.is\/en\/wp-json\/wp\/v2\/product_brand?post=36607"},{"taxonomy":"product_cat","embeddable":true,"href":"https:\/\/leiklist.is\/en\/wp-json\/wp\/v2\/product_cat?post=36607"},{"taxonomy":"product_tag","embeddable":true,"href":"https:\/\/leiklist.is\/en\/wp-json\/wp\/v2\/product_tag?post=36607"}],"curies":[{"name":"wp","href":"https:\/\/api.w.org\/{rel}","templated":true}]}}