{"id":36594,"date":"2021-08-27T15:09:08","date_gmt":"2021-08-27T15:09:08","guid":{"rendered":"https:\/\/leiklist.is\/?post_type=product&#038;p=36594"},"modified":"2026-02-18T20:31:19","modified_gmt":"2026-02-18T20:31:19","slug":"saravax-scar-wax","status":"publish","type":"product","link":"https:\/\/leiklist.is\/en\/product\/saravax-scar-wax\/","title":{"rendered":"S\u00e1ravax &#8211; Scar Wax 25ml"},"content":{"rendered":"<p>Vax til a\u00f0 gera s\u00e1r og \u00f6r.<\/p>\n<p>Sj\u00e1 einnig S\u00e1rasett.<\/p>","protected":false},"excerpt":{"rendered":"<p>Vax til a\u00f0 gera s\u00e1r og \u00f6r. Sj\u00e1 einnig S\u00e1rasett.<\/p>","protected":false},"featured_media":36595,"template":"","meta":{"_et_pb_use_builder":"","_et_pb_old_content":"","_et_gb_content_width":""},"product_brand":[],"product_cat":[100],"product_tag":[],"class_list":{"0":"post-36594","1":"product","2":"type-product","3":"status-publish","4":"has-post-thumbnail","6":"product_cat-gervagerd","8":"first","9":"instock","10":"taxable","11":"shipping-taxable","12":"purchasable","13":"product-type-simple"},"_links":{"self":[{"href":"https:\/\/leiklist.is\/en\/wp-json\/wp\/v2\/product\/36594","targetHints":{"allow":["GET"]}}],"collection":[{"href":"https:\/\/leiklist.is\/en\/wp-json\/wp\/v2\/product"}],"about":[{"href":"https:\/\/leiklist.is\/en\/wp-json\/wp\/v2\/types\/product"}],"wp:featuredmedia":[{"embeddable":true,"href":"https:\/\/leiklist.is\/en\/wp-json\/wp\/v2\/media\/36595"}],"wp:attachment":[{"href":"https:\/\/leiklist.is\/en\/wp-json\/wp\/v2\/media?parent=36594"}],"wp:term":[{"taxonomy":"product_brand","embeddable":true,"href":"https:\/\/leiklist.is\/en\/wp-json\/wp\/v2\/product_brand?post=36594"},{"taxonomy":"product_cat","embeddable":true,"href":"https:\/\/leiklist.is\/en\/wp-json\/wp\/v2\/product_cat?post=36594"},{"taxonomy":"product_tag","embeddable":true,"href":"https:\/\/leiklist.is\/en\/wp-json\/wp\/v2\/product_tag?post=36594"}],"curies":[{"name":"wp","href":"https:\/\/api.w.org\/{rel}","templated":true}]}}