{"id":35806,"date":"2021-08-25T12:22:53","date_gmt":"2021-08-25T12:22:53","guid":{"rendered":"https:\/\/leiklist.is\/?post_type=product&#038;p=35806"},"modified":"2026-03-17T18:10:31","modified_gmt":"2026-03-17T18:10:31","slug":"liquid-make-up-grimas","status":"publish","type":"product","link":"https:\/\/leiklist.is\/en\/product\/liquid-make-up-grimas\/","title":{"rendered":"Liquid Make-up &#8211; Grimas"},"content":{"rendered":"<p>Flj\u00f3tandi far\u00f0i fr\u00e1 <a href=\"https:\/\/www.grimas.nl\/website\/web2\/index.php?onderwerp=027703aa\">Grimas<\/a>. Vatnslitur sem er au\u00f0veldur \u00ed notkun beint \u00far t\u00fapunni. \u00deornar flj\u00f3tt og \u00feekur mj\u00f6g vel. \u00d3h\u00e6tt a\u00f0 nota n\u00e1l\u00e6gt augum og munni. Engin ilmefni. Au\u00f0velt a\u00f0 \u00fevo af me\u00f0 vatni og s\u00e1pu.<\/p>","protected":false},"excerpt":{"rendered":"<p>Flj\u00f3tandi far\u00f0i fr\u00e1 Grimas. Vatnslitur sem er au\u00f0veldur \u00ed notkun beint \u00far t\u00fapunni. \u00deornar flj\u00f3tt og \u00feekur mj\u00f6g vel. \u00d3h\u00e6tt a\u00f0 nota n\u00e1l\u00e6gt augum og munni. Engin ilmefni. Au\u00f0velt a\u00f0 \u00fevo af me\u00f0 vatni og s\u00e1pu.<\/p>","protected":false},"featured_media":35826,"template":"","meta":{"_et_pb_use_builder":"","_et_pb_old_content":"","_et_gb_content_width":""},"product_brand":[],"product_cat":[69,126,127,128,73],"product_tag":[],"class_list":{"0":"post-35806","1":"product","2":"type-product","3":"status-publish","4":"has-post-thumbnail","6":"product_cat-andlitslikamslitir","7":"product_cat-andlits-likamslitir","8":"product_cat-make-up","9":"product_cat-vatnslitir-fordun","10":"product_cat-fardi","12":"first","13":"instock","14":"taxable","15":"shipping-taxable","16":"purchasable","17":"product-type-variable","18":"has-default-attributes"},"_links":{"self":[{"href":"https:\/\/leiklist.is\/en\/wp-json\/wp\/v2\/product\/35806","targetHints":{"allow":["GET"]}}],"collection":[{"href":"https:\/\/leiklist.is\/en\/wp-json\/wp\/v2\/product"}],"about":[{"href":"https:\/\/leiklist.is\/en\/wp-json\/wp\/v2\/types\/product"}],"wp:featuredmedia":[{"embeddable":true,"href":"https:\/\/leiklist.is\/en\/wp-json\/wp\/v2\/media\/35826"}],"wp:attachment":[{"href":"https:\/\/leiklist.is\/en\/wp-json\/wp\/v2\/media?parent=35806"}],"wp:term":[{"taxonomy":"product_brand","embeddable":true,"href":"https:\/\/leiklist.is\/en\/wp-json\/wp\/v2\/product_brand?post=35806"},{"taxonomy":"product_cat","embeddable":true,"href":"https:\/\/leiklist.is\/en\/wp-json\/wp\/v2\/product_cat?post=35806"},{"taxonomy":"product_tag","embeddable":true,"href":"https:\/\/leiklist.is\/en\/wp-json\/wp\/v2\/product_tag?post=35806"}],"curies":[{"name":"wp","href":"https:\/\/api.w.org\/{rel}","templated":true}]}}