{"id":35647,"date":"2021-03-22T11:46:33","date_gmt":"2021-03-22T11:46:33","guid":{"rendered":"https:\/\/leiklist.is\/?post_type=product&#038;p=35647"},"modified":"2024-01-19T11:20:22","modified_gmt":"2024-01-19T11:20:22","slug":"svinstryni-med-teygju","status":"publish","type":"product","link":"https:\/\/leiklist.is\/en\/product\/svinstryni-med-teygju\/","title":{"rendered":"Sv\u00ednstr\u00fdni me\u00f0 teygju"},"content":{"rendered":"<p>Sv\u00ednstr\u00fdnin eru af tveimur ger\u00f0um, Hog Wild Fun er \u00fe\u00e9ttara en Makeup Party er m\u00fdkra.<\/p>","protected":false},"excerpt":{"rendered":"<p>Sv\u00ednstr\u00fdnin eru af tveimur ger\u00f0um, Hog Wild Fun er \u00fe\u00e9ttara en Makeup Party er m\u00fdkra.<\/p>","protected":false},"featured_media":35651,"template":"","meta":{"_et_pb_use_builder":"","_et_pb_old_content":"","_et_gb_content_width":""},"product_brand":[],"product_cat":[125],"product_tag":[],"class_list":{"0":"post-35647","1":"product","2":"type-product","3":"status-publish","4":"has-post-thumbnail","6":"product_cat-nef-gervagerd","8":"first","9":"instock","10":"taxable","11":"shipping-taxable","12":"purchasable","13":"product-type-variable"},"_links":{"self":[{"href":"https:\/\/leiklist.is\/en\/wp-json\/wp\/v2\/product\/35647","targetHints":{"allow":["GET"]}}],"collection":[{"href":"https:\/\/leiklist.is\/en\/wp-json\/wp\/v2\/product"}],"about":[{"href":"https:\/\/leiklist.is\/en\/wp-json\/wp\/v2\/types\/product"}],"wp:featuredmedia":[{"embeddable":true,"href":"https:\/\/leiklist.is\/en\/wp-json\/wp\/v2\/media\/35651"}],"wp:attachment":[{"href":"https:\/\/leiklist.is\/en\/wp-json\/wp\/v2\/media?parent=35647"}],"wp:term":[{"taxonomy":"product_brand","embeddable":true,"href":"https:\/\/leiklist.is\/en\/wp-json\/wp\/v2\/product_brand?post=35647"},{"taxonomy":"product_cat","embeddable":true,"href":"https:\/\/leiklist.is\/en\/wp-json\/wp\/v2\/product_cat?post=35647"},{"taxonomy":"product_tag","embeddable":true,"href":"https:\/\/leiklist.is\/en\/wp-json\/wp\/v2\/product_tag?post=35647"}],"curies":[{"name":"wp","href":"https:\/\/api.w.org\/{rel}","templated":true}]}}