{"id":35485,"date":"2021-02-04T12:38:06","date_gmt":"2021-02-04T12:38:06","guid":{"rendered":"https:\/\/leiklist.is\/?post_type=product&#038;p=35485"},"modified":"2026-04-17T18:26:12","modified_gmt":"2026-04-17T18:26:12","slug":"spirit-gum","status":"publish","type":"product","link":"https:\/\/leiklist.is\/en\/product\/spirit-gum\/","title":{"rendered":"Mastix Spirit Gum"},"content":{"rendered":"<p>Klass\u00edskt, alhli\u00f0a l\u00edm fyrir h\u00e1r, skegg og h\u00e1rkollur. Beri\u00f0 Spirit Gum \u00e1 h\u00fa\u00f0ina og leyfi\u00f0 a\u00f0 \u00feorna \u00f6rl\u00edti\u00f0. \u00der\u00fdsti\u00f0 \u00fev\u00ed sem \u00e1 a\u00f0 l\u00edma \u00fe\u00e9tt \u00e1.<br \/>\nTil a\u00f0 losa af noti\u00f0 t.d Mild Spirit Gum Remover, Spirit Gum Remover e\u00f0a alkoh\u00f3l.<\/p>","protected":false},"excerpt":{"rendered":"<p>Klass\u00edskt, alhli\u00f0a l\u00edm fyrir h\u00e1r, skegg og h\u00e1rkollur. Beri\u00f0 Spirit Gum \u00e1 h\u00fa\u00f0ina og leyfi\u00f0 a\u00f0 \u00feorna \u00f6rl\u00edti\u00f0. \u00der\u00fdsti\u00f0 \u00fev\u00ed sem \u00e1 a\u00f0 l\u00edma \u00fe\u00e9tt \u00e1. Til a\u00f0 losa af noti\u00f0 t.d Mild Spirit Gum Remover, Spirit Gum Remover e\u00f0a alkoh\u00f3l.<\/p>","protected":false},"featured_media":35489,"template":"","meta":{"_et_pb_use_builder":"","_et_pb_old_content":"","_et_gb_content_width":""},"product_brand":[],"product_cat":[100,136,141],"product_tag":[],"class_list":{"0":"post-35485","1":"product","2":"type-product","3":"status-publish","4":"has-post-thumbnail","6":"product_cat-gervagerd","7":"product_cat-lim-gervagerd","8":"product_cat-skallar-gervagerd","10":"first","11":"instock","12":"taxable","13":"shipping-taxable","14":"purchasable","15":"product-type-variable"},"_links":{"self":[{"href":"https:\/\/leiklist.is\/en\/wp-json\/wp\/v2\/product\/35485","targetHints":{"allow":["GET"]}}],"collection":[{"href":"https:\/\/leiklist.is\/en\/wp-json\/wp\/v2\/product"}],"about":[{"href":"https:\/\/leiklist.is\/en\/wp-json\/wp\/v2\/types\/product"}],"wp:featuredmedia":[{"embeddable":true,"href":"https:\/\/leiklist.is\/en\/wp-json\/wp\/v2\/media\/35489"}],"wp:attachment":[{"href":"https:\/\/leiklist.is\/en\/wp-json\/wp\/v2\/media?parent=35485"}],"wp:term":[{"taxonomy":"product_brand","embeddable":true,"href":"https:\/\/leiklist.is\/en\/wp-json\/wp\/v2\/product_brand?post=35485"},{"taxonomy":"product_cat","embeddable":true,"href":"https:\/\/leiklist.is\/en\/wp-json\/wp\/v2\/product_cat?post=35485"},{"taxonomy":"product_tag","embeddable":true,"href":"https:\/\/leiklist.is\/en\/wp-json\/wp\/v2\/product_tag?post=35485"}],"curies":[{"name":"wp","href":"https:\/\/api.w.org\/{rel}","templated":true}]}}