{"id":35344,"date":"2021-01-18T14:29:04","date_gmt":"2021-01-18T14:29:04","guid":{"rendered":"https:\/\/leiklist.is\/?post_type=product&#038;p=35344"},"modified":"2026-02-13T09:50:13","modified_gmt":"2026-02-13T09:50:13","slug":"alfaeyru-par","status":"publish","type":"product","link":"https:\/\/leiklist.is\/en\/product\/alfaeyru-par\/","title":{"rendered":"\u00c1lfaeyru &#8211; par"},"content":{"rendered":"<p>\u00c1lfaeyru \u00far latex. L\u00edtil og st\u00f3r. Selt sem par, h\u00e6gra og vinstra eyra.<\/p>\n<p>M\u00e6lt er me\u00f0 a\u00f0 nota l\u00edm til a\u00f0 festa eyrun, t.d. Spirit Gum, Mastix Extra e\u00f0a Mastix Watersoluble.<\/p>","protected":false},"excerpt":{"rendered":"<p>\u00c1lfaeyru \u00far latex. L\u00edtil og st\u00f3r. Selt sem par, h\u00e6gra og vinstra eyra. M\u00e6lt er me\u00f0 a\u00f0 nota l\u00edm til a\u00f0 festa eyrun, t.d. Spirit Gum, Mastix Extra e\u00f0a Mastix Watersoluble.<\/p>","protected":false},"featured_media":35346,"template":"","meta":{"_et_pb_use_builder":"","_et_pb_old_content":"","_et_gb_content_width":""},"product_brand":[],"product_cat":[142,100,246,250],"product_tag":[],"class_list":{"0":"post-35344","1":"product","2":"type-product","3":"status-publish","4":"has-post-thumbnail","6":"product_cat-eyru-gervagerd","7":"product_cat-gervagerd","8":"product_cat-latex","9":"product_cat-likamshlutar","11":"first","12":"instock","13":"taxable","14":"shipping-taxable","15":"purchasable","16":"product-type-variable"},"_links":{"self":[{"href":"https:\/\/leiklist.is\/en\/wp-json\/wp\/v2\/product\/35344","targetHints":{"allow":["GET"]}}],"collection":[{"href":"https:\/\/leiklist.is\/en\/wp-json\/wp\/v2\/product"}],"about":[{"href":"https:\/\/leiklist.is\/en\/wp-json\/wp\/v2\/types\/product"}],"wp:featuredmedia":[{"embeddable":true,"href":"https:\/\/leiklist.is\/en\/wp-json\/wp\/v2\/media\/35346"}],"wp:attachment":[{"href":"https:\/\/leiklist.is\/en\/wp-json\/wp\/v2\/media?parent=35344"}],"wp:term":[{"taxonomy":"product_brand","embeddable":true,"href":"https:\/\/leiklist.is\/en\/wp-json\/wp\/v2\/product_brand?post=35344"},{"taxonomy":"product_cat","embeddable":true,"href":"https:\/\/leiklist.is\/en\/wp-json\/wp\/v2\/product_cat?post=35344"},{"taxonomy":"product_tag","embeddable":true,"href":"https:\/\/leiklist.is\/en\/wp-json\/wp\/v2\/product_tag?post=35344"}],"curies":[{"name":"wp","href":"https:\/\/api.w.org\/{rel}","templated":true}]}}