{"id":35329,"date":"2021-01-12T13:57:09","date_gmt":"2021-01-12T13:57:09","guid":{"rendered":"https:\/\/leiklist.is\/?post_type=product&#038;p=35329"},"modified":"2023-03-16T10:10:12","modified_gmt":"2023-03-16T10:10:12","slug":"sprauta","status":"publish","type":"product","link":"https:\/\/leiklist.is\/en\/product\/sprauta\/","title":{"rendered":"Sprauta 10ml."},"content":{"rendered":"<p>Plastsprauta til a\u00f0 f\u00ednvinna me\u00f0 v\u00f6kva. 10 ml.<\/p>","protected":false},"excerpt":{"rendered":"<p>Plastsprauta til a\u00f0 f\u00ednvinna me\u00f0 v\u00f6kva. 10 ml.<\/p>","protected":false},"featured_media":35330,"template":"","meta":{"_et_pb_use_builder":"","_et_pb_old_content":"","_et_gb_content_width":""},"product_brand":[],"product_cat":[131],"product_tag":[],"class_list":{"0":"post-35329","1":"product","2":"type-product","3":"status-publish","4":"has-post-thumbnail","6":"product_cat-onnur-ahold-ahold","8":"first","9":"instock","10":"taxable","11":"shipping-taxable","12":"purchasable","13":"product-type-simple"},"_links":{"self":[{"href":"https:\/\/leiklist.is\/en\/wp-json\/wp\/v2\/product\/35329","targetHints":{"allow":["GET"]}}],"collection":[{"href":"https:\/\/leiklist.is\/en\/wp-json\/wp\/v2\/product"}],"about":[{"href":"https:\/\/leiklist.is\/en\/wp-json\/wp\/v2\/types\/product"}],"wp:featuredmedia":[{"embeddable":true,"href":"https:\/\/leiklist.is\/en\/wp-json\/wp\/v2\/media\/35330"}],"wp:attachment":[{"href":"https:\/\/leiklist.is\/en\/wp-json\/wp\/v2\/media?parent=35329"}],"wp:term":[{"taxonomy":"product_brand","embeddable":true,"href":"https:\/\/leiklist.is\/en\/wp-json\/wp\/v2\/product_brand?post=35329"},{"taxonomy":"product_cat","embeddable":true,"href":"https:\/\/leiklist.is\/en\/wp-json\/wp\/v2\/product_cat?post=35329"},{"taxonomy":"product_tag","embeddable":true,"href":"https:\/\/leiklist.is\/en\/wp-json\/wp\/v2\/product_tag?post=35329"}],"curies":[{"name":"wp","href":"https:\/\/api.w.org\/{rel}","templated":true}]}}