{"id":35286,"date":"2020-12-09T13:53:14","date_gmt":"2020-12-09T13:53:14","guid":{"rendered":"https:\/\/leiklist.is\/?post_type=product&#038;p=35286"},"modified":"2025-02-27T11:22:15","modified_gmt":"2025-02-27T11:22:15","slug":"fordunarblyantar-kryolan-contour","status":"publish","type":"product","link":"https:\/\/leiklist.is\/en\/product\/fordunarblyantar-kryolan-contour\/","title":{"rendered":"F\u00f6r\u00f0unarbl\u00fdantar, Kryolan Contour"},"content":{"rendered":"<p>F\u00f6r\u00f0unarbl\u00fdantar, Kryolan Contour.<\/p>","protected":false},"excerpt":{"rendered":"<p>F\u00f6r\u00f0unarbl\u00fdantar, Kryolan Contour.<\/p>","protected":false},"featured_media":35287,"template":"","meta":{"_et_pb_use_builder":"","_et_pb_old_content":"","_et_gb_content_width":""},"product_brand":[],"product_cat":[135,127],"product_tag":[75],"class_list":{"0":"post-35286","1":"product","2":"type-product","3":"status-publish","4":"has-post-thumbnail","6":"product_cat-blyantar-og-mascarar","7":"product_cat-make-up","8":"product_tag-kryolan","10":"first","11":"instock","12":"taxable","13":"shipping-taxable","14":"purchasable","15":"product-type-variable"},"_links":{"self":[{"href":"https:\/\/leiklist.is\/en\/wp-json\/wp\/v2\/product\/35286","targetHints":{"allow":["GET"]}}],"collection":[{"href":"https:\/\/leiklist.is\/en\/wp-json\/wp\/v2\/product"}],"about":[{"href":"https:\/\/leiklist.is\/en\/wp-json\/wp\/v2\/types\/product"}],"wp:featuredmedia":[{"embeddable":true,"href":"https:\/\/leiklist.is\/en\/wp-json\/wp\/v2\/media\/35287"}],"wp:attachment":[{"href":"https:\/\/leiklist.is\/en\/wp-json\/wp\/v2\/media?parent=35286"}],"wp:term":[{"taxonomy":"product_brand","embeddable":true,"href":"https:\/\/leiklist.is\/en\/wp-json\/wp\/v2\/product_brand?post=35286"},{"taxonomy":"product_cat","embeddable":true,"href":"https:\/\/leiklist.is\/en\/wp-json\/wp\/v2\/product_cat?post=35286"},{"taxonomy":"product_tag","embeddable":true,"href":"https:\/\/leiklist.is\/en\/wp-json\/wp\/v2\/product_tag?post=35286"}],"curies":[{"name":"wp","href":"https:\/\/api.w.org\/{rel}","templated":true}]}}