{"id":35216,"date":"2020-11-30T16:19:37","date_gmt":"2020-11-30T16:19:37","guid":{"rendered":"https:\/\/leiklist.is\/?post_type=product&#038;p=35216"},"modified":"2026-03-08T14:45:52","modified_gmt":"2026-03-08T14:45:52","slug":"gerviauga","status":"publish","type":"product","link":"https:\/\/leiklist.is\/en\/product\/gerviauga\/","title":{"rendered":"Gerviauga"},"content":{"rendered":"<p>Gerviaugu \u00ed \u00fdmsum litum fr\u00e1 Grimas.<\/p>","protected":false},"excerpt":{"rendered":"<p>Gerviaugu \u00ed \u00fdmsum litum fr\u00e1 Grimas.<\/p>","protected":false},"featured_media":35223,"template":"","meta":{"_et_pb_use_builder":"","_et_pb_old_content":"","_et_gb_content_width":""},"product_brand":[],"product_cat":[134,251,250],"product_tag":[],"class_list":{"0":"post-35216","1":"product","2":"type-product","3":"status-publish","4":"has-post-thumbnail","6":"product_cat-augu","7":"product_cat-augu-gervagerd","8":"product_cat-likamshlutar","10":"first","11":"instock","12":"featured","13":"taxable","14":"shipping-taxable","15":"purchasable","16":"product-type-variable"},"_links":{"self":[{"href":"https:\/\/leiklist.is\/en\/wp-json\/wp\/v2\/product\/35216","targetHints":{"allow":["GET"]}}],"collection":[{"href":"https:\/\/leiklist.is\/en\/wp-json\/wp\/v2\/product"}],"about":[{"href":"https:\/\/leiklist.is\/en\/wp-json\/wp\/v2\/types\/product"}],"wp:featuredmedia":[{"embeddable":true,"href":"https:\/\/leiklist.is\/en\/wp-json\/wp\/v2\/media\/35223"}],"wp:attachment":[{"href":"https:\/\/leiklist.is\/en\/wp-json\/wp\/v2\/media?parent=35216"}],"wp:term":[{"taxonomy":"product_brand","embeddable":true,"href":"https:\/\/leiklist.is\/en\/wp-json\/wp\/v2\/product_brand?post=35216"},{"taxonomy":"product_cat","embeddable":true,"href":"https:\/\/leiklist.is\/en\/wp-json\/wp\/v2\/product_cat?post=35216"},{"taxonomy":"product_tag","embeddable":true,"href":"https:\/\/leiklist.is\/en\/wp-json\/wp\/v2\/product_tag?post=35216"}],"curies":[{"name":"wp","href":"https:\/\/api.w.org\/{rel}","templated":true}]}}