{"id":35156,"date":"2020-11-18T10:00:54","date_gmt":"2020-11-18T10:00:54","guid":{"rendered":"https:\/\/leiklist.is\/?post_type=product&#038;p=35156"},"modified":"2022-04-22T14:02:02","modified_gmt":"2022-04-22T14:02:02","slug":"allt-fyrir-andann-saga-bil","status":"publish","type":"product","link":"https:\/\/leiklist.is\/en\/product\/allt-fyrir-andann-saga-bil\/","title":{"rendered":"Allt fyrir andann &#8211; Saga B\u00cdL"},"content":{"rendered":"<p>ATH! \u00deETTA ER PRUFA \u00c1 STAFR\u00c6NNI V\u00d6RU. EKKI TIL S\u00d6LU!!!<\/p>","protected":false},"excerpt":{"rendered":"<p>ATH! \u00deETTA ER PRUFA \u00c1 STAFR\u00c6NNI V\u00d6RU. EKKI TIL S\u00d6LU!!!<\/p>","protected":false},"featured_media":35157,"template":"","meta":{"_et_pb_use_builder":"","_et_pb_old_content":"","_et_gb_content_width":""},"product_brand":[],"product_cat":[87],"product_tag":[],"class_list":{"0":"post-35156","1":"product","2":"type-product","3":"status-publish","4":"has-post-thumbnail","6":"product_cat-baekur","8":"first","9":"instock","10":"downloadable","11":"virtual","12":"taxable","13":"purchasable","14":"product-type-simple"},"_links":{"self":[{"href":"https:\/\/leiklist.is\/en\/wp-json\/wp\/v2\/product\/35156","targetHints":{"allow":["GET"]}}],"collection":[{"href":"https:\/\/leiklist.is\/en\/wp-json\/wp\/v2\/product"}],"about":[{"href":"https:\/\/leiklist.is\/en\/wp-json\/wp\/v2\/types\/product"}],"wp:featuredmedia":[{"embeddable":true,"href":"https:\/\/leiklist.is\/en\/wp-json\/wp\/v2\/media\/35157"}],"wp:attachment":[{"href":"https:\/\/leiklist.is\/en\/wp-json\/wp\/v2\/media?parent=35156"}],"wp:term":[{"taxonomy":"product_brand","embeddable":true,"href":"https:\/\/leiklist.is\/en\/wp-json\/wp\/v2\/product_brand?post=35156"},{"taxonomy":"product_cat","embeddable":true,"href":"https:\/\/leiklist.is\/en\/wp-json\/wp\/v2\/product_cat?post=35156"},{"taxonomy":"product_tag","embeddable":true,"href":"https:\/\/leiklist.is\/en\/wp-json\/wp\/v2\/product_tag?post=35156"}],"curies":[{"name":"wp","href":"https:\/\/api.w.org\/{rel}","templated":true}]}}