{"id":34975,"date":"2020-10-13T10:04:35","date_gmt":"2020-10-13T10:04:35","guid":{"rendered":"https:\/\/leiklist.is\/?post_type=product&#038;p=34975"},"modified":"2024-02-23T09:26:44","modified_gmt":"2024-02-23T09:26:44","slug":"pumpkin-girl-kit","status":"publish","type":"product","link":"https:\/\/leiklist.is\/en\/product\/pumpkin-girl-kit\/","title":{"rendered":"Pumpkin Girl Kit"},"content":{"rendered":"<p>Sett me\u00f0 \u00f6llu sem \u00fearf til a\u00f0 far\u00f0a \u201cGraskersst\u00falku\u201d eins og s\u00e9st \u00e1 myndinni.<br \/>\n\u00cd settinu er:<\/p>\n<ul>\n<li>2 Multi Gel Glitter 10 ml<\/li>\n<li>1 Eye Shadow Matt 2.5 g<\/li>\n<li>3 Aquacolor 3.5 ml<\/li>\n<li>1 Torey Flat Brush 2<\/li>\n<li>1 Torey Flat Brush 10<\/li>\n<li>1 Torey Flat Brush 16<\/li>\n<\/ul>","protected":false},"excerpt":{"rendered":"<p>Sett me\u00f0 \u00f6llu sem \u00fearf til a\u00f0 far\u00f0a \u201cGraskersst\u00falku\u201d eins og s\u00e9st \u00e1 myndinni. \u00cd settinu er: 2 Multi Gel Glitter 10 ml 1 Eye Shadow Matt 2.5 g 3 Aquacolor 3.5 ml 1 Torey Flat Brush 2 1 Torey Flat Brush 10 1 Torey Flat Brush 16<\/p>","protected":false},"featured_media":34977,"template":"","meta":{"_et_pb_use_builder":"","_et_pb_old_content":"","_et_gb_content_width":""},"product_brand":[],"product_cat":[126,245,73],"product_tag":[262],"class_list":{"0":"post-34975","1":"product","2":"type-product","3":"status-publish","4":"has-post-thumbnail","6":"product_cat-andlits-likamslitir","7":"product_cat-sett","8":"product_cat-fardi","9":"product_tag-kryolan-halloween-hrekkjavaka-cosplay","11":"first","12":"instock","13":"taxable","14":"shipping-taxable","15":"purchasable","16":"product-type-simple"},"_links":{"self":[{"href":"https:\/\/leiklist.is\/en\/wp-json\/wp\/v2\/product\/34975","targetHints":{"allow":["GET"]}}],"collection":[{"href":"https:\/\/leiklist.is\/en\/wp-json\/wp\/v2\/product"}],"about":[{"href":"https:\/\/leiklist.is\/en\/wp-json\/wp\/v2\/types\/product"}],"wp:featuredmedia":[{"embeddable":true,"href":"https:\/\/leiklist.is\/en\/wp-json\/wp\/v2\/media\/34977"}],"wp:attachment":[{"href":"https:\/\/leiklist.is\/en\/wp-json\/wp\/v2\/media?parent=34975"}],"wp:term":[{"taxonomy":"product_brand","embeddable":true,"href":"https:\/\/leiklist.is\/en\/wp-json\/wp\/v2\/product_brand?post=34975"},{"taxonomy":"product_cat","embeddable":true,"href":"https:\/\/leiklist.is\/en\/wp-json\/wp\/v2\/product_cat?post=34975"},{"taxonomy":"product_tag","embeddable":true,"href":"https:\/\/leiklist.is\/en\/wp-json\/wp\/v2\/product_tag?post=34975"}],"curies":[{"name":"wp","href":"https:\/\/api.w.org\/{rel}","templated":true}]}}