{"id":34960,"date":"2020-10-12T17:19:33","date_gmt":"2020-10-12T17:19:33","guid":{"rendered":"https:\/\/leiklist.is\/?post_type=product&#038;p=34960"},"modified":"2025-11-10T14:04:00","modified_gmt":"2025-11-10T14:04:00","slug":"snidmat-stenslar-fyrir-fordun","status":"publish","type":"product","link":"https:\/\/leiklist.is\/en\/product\/snidmat-stenslar-fyrir-fordun\/","title":{"rendered":"Sni\u00f0m\u00e1t\/stenslar fyrir f\u00f6r\u00f0un"},"content":{"rendered":"<p>Sni\u00f0m\u00e1t e\u00f0a stenslar fyrir f\u00f6r\u00f0un og\/e\u00f0a &#8222;tatt\u00f3veringu.&#8220;<\/p>","protected":false},"excerpt":{"rendered":"<p>Sni\u00f0m\u00e1t e\u00f0a stenslar fyrir f\u00f6r\u00f0un og\/e\u00f0a &#8222;tatt\u00f3veringu.&#8220;<\/p>","protected":false},"featured_media":34970,"template":"","meta":{"_et_pb_use_builder":"","_et_pb_old_content":"","_et_gb_content_width":""},"product_brand":[],"product_cat":[131],"product_tag":[70],"class_list":{"0":"post-34960","1":"product","2":"type-product","3":"status-publish","4":"has-post-thumbnail","6":"product_cat-onnur-ahold-ahold","7":"product_tag-grimas","9":"first","10":"instock","11":"taxable","12":"shipping-taxable","13":"purchasable","14":"product-type-variable"},"_links":{"self":[{"href":"https:\/\/leiklist.is\/en\/wp-json\/wp\/v2\/product\/34960","targetHints":{"allow":["GET"]}}],"collection":[{"href":"https:\/\/leiklist.is\/en\/wp-json\/wp\/v2\/product"}],"about":[{"href":"https:\/\/leiklist.is\/en\/wp-json\/wp\/v2\/types\/product"}],"wp:featuredmedia":[{"embeddable":true,"href":"https:\/\/leiklist.is\/en\/wp-json\/wp\/v2\/media\/34970"}],"wp:attachment":[{"href":"https:\/\/leiklist.is\/en\/wp-json\/wp\/v2\/media?parent=34960"}],"wp:term":[{"taxonomy":"product_brand","embeddable":true,"href":"https:\/\/leiklist.is\/en\/wp-json\/wp\/v2\/product_brand?post=34960"},{"taxonomy":"product_cat","embeddable":true,"href":"https:\/\/leiklist.is\/en\/wp-json\/wp\/v2\/product_cat?post=34960"},{"taxonomy":"product_tag","embeddable":true,"href":"https:\/\/leiklist.is\/en\/wp-json\/wp\/v2\/product_tag?post=34960"}],"curies":[{"name":"wp","href":"https:\/\/api.w.org\/{rel}","templated":true}]}}