{"id":34955,"date":"2020-10-12T17:07:38","date_gmt":"2020-10-12T17:07:38","guid":{"rendered":"https:\/\/leiklist.is\/?post_type=product&#038;p=34955"},"modified":"2026-03-12T11:11:23","modified_gmt":"2026-03-12T11:11:23","slug":"varalitur-grimas","status":"publish","type":"product","link":"https:\/\/leiklist.is\/en\/product\/varalitur-grimas\/","title":{"rendered":"Varalitur, Grimas"},"content":{"rendered":"<p>Varalitur fr\u00e1 Grimas, litsterkur og \u00e1n ilmefna.<\/p>\n<p><span class=\"line\">\u201cPure\u201d \u00ed v\u00f6ruheitum fr\u00e1 Grimas \u00fe\u00fd\u00f0ir a\u00f0 varan inniheldur engin rotvarnarefni (svo sem parabens) e\u00f0a halogenated organic compounds.<\/span><span class=\"standaard\">\u00a0\u2018Pure\u2019 v\u00f6rur fr\u00e1 Grimas, eru einnig gl\u00fatenlausar og \u00e1n ilmefna.<\/span><\/p>","protected":false},"excerpt":{"rendered":"<p>Varalitur fr\u00e1 Grimas, litsterkur og \u00e1n ilmefna. \u201cPure\u201d \u00ed v\u00f6ruheitum fr\u00e1 Grimas \u00fe\u00fd\u00f0ir a\u00f0 varan inniheldur engin rotvarnarefni (svo sem parabens) e\u00f0a halogenated organic compounds.\u00a0\u2018Pure\u2019 v\u00f6rur fr\u00e1 Grimas, eru einnig gl\u00fatenlausar og \u00e1n ilmefna.<\/p>","protected":false},"featured_media":34956,"template":"","meta":{"_et_pb_use_builder":"","_et_pb_old_content":"","_et_gb_content_width":""},"product_brand":[],"product_cat":[126,127],"product_tag":[70],"class_list":{"0":"post-34955","1":"product","2":"type-product","3":"status-publish","4":"has-post-thumbnail","6":"product_cat-andlits-likamslitir","7":"product_cat-make-up","8":"product_tag-grimas","10":"first","11":"instock","12":"taxable","13":"shipping-taxable","14":"purchasable","15":"product-type-variable"},"_links":{"self":[{"href":"https:\/\/leiklist.is\/en\/wp-json\/wp\/v2\/product\/34955","targetHints":{"allow":["GET"]}}],"collection":[{"href":"https:\/\/leiklist.is\/en\/wp-json\/wp\/v2\/product"}],"about":[{"href":"https:\/\/leiklist.is\/en\/wp-json\/wp\/v2\/types\/product"}],"wp:featuredmedia":[{"embeddable":true,"href":"https:\/\/leiklist.is\/en\/wp-json\/wp\/v2\/media\/34956"}],"wp:attachment":[{"href":"https:\/\/leiklist.is\/en\/wp-json\/wp\/v2\/media?parent=34955"}],"wp:term":[{"taxonomy":"product_brand","embeddable":true,"href":"https:\/\/leiklist.is\/en\/wp-json\/wp\/v2\/product_brand?post=34955"},{"taxonomy":"product_cat","embeddable":true,"href":"https:\/\/leiklist.is\/en\/wp-json\/wp\/v2\/product_cat?post=34955"},{"taxonomy":"product_tag","embeddable":true,"href":"https:\/\/leiklist.is\/en\/wp-json\/wp\/v2\/product_tag?post=34955"}],"curies":[{"name":"wp","href":"https:\/\/api.w.org\/{rel}","templated":true}]}}