{"id":34953,"date":"2020-10-12T16:44:10","date_gmt":"2020-10-12T16:44:10","guid":{"rendered":"https:\/\/leiklist.is\/?post_type=product&#038;p=34953"},"modified":"2026-02-14T18:17:12","modified_gmt":"2026-02-14T18:17:12","slug":"svampur3-i-pk","status":"publish","type":"product","link":"https:\/\/leiklist.is\/en\/product\/svampur3-i-pk\/","title":{"rendered":"Svampur, 3 \u00ed pk."},"content":{"rendered":"<p>Svampar, 3 saman \u00ed pakka fr\u00e1 Grimas.<\/p>","protected":false},"excerpt":{"rendered":"<p>Svampar, 3 saman \u00ed pakka fr\u00e1 Grimas.<\/p>","protected":false},"featured_media":34954,"template":"","meta":{"_et_pb_use_builder":"","_et_pb_old_content":"","_et_gb_content_width":""},"product_brand":[],"product_cat":[127,139],"product_tag":[75],"class_list":{"0":"post-34953","1":"product","2":"type-product","3":"status-publish","4":"has-post-thumbnail","6":"product_cat-make-up","7":"product_cat-svampar-ahold","8":"product_tag-kryolan","10":"first","11":"instock","12":"taxable","13":"shipping-taxable","14":"purchasable","15":"product-type-simple"},"_links":{"self":[{"href":"https:\/\/leiklist.is\/en\/wp-json\/wp\/v2\/product\/34953","targetHints":{"allow":["GET"]}}],"collection":[{"href":"https:\/\/leiklist.is\/en\/wp-json\/wp\/v2\/product"}],"about":[{"href":"https:\/\/leiklist.is\/en\/wp-json\/wp\/v2\/types\/product"}],"wp:featuredmedia":[{"embeddable":true,"href":"https:\/\/leiklist.is\/en\/wp-json\/wp\/v2\/media\/34954"}],"wp:attachment":[{"href":"https:\/\/leiklist.is\/en\/wp-json\/wp\/v2\/media?parent=34953"}],"wp:term":[{"taxonomy":"product_brand","embeddable":true,"href":"https:\/\/leiklist.is\/en\/wp-json\/wp\/v2\/product_brand?post=34953"},{"taxonomy":"product_cat","embeddable":true,"href":"https:\/\/leiklist.is\/en\/wp-json\/wp\/v2\/product_cat?post=34953"},{"taxonomy":"product_tag","embeddable":true,"href":"https:\/\/leiklist.is\/en\/wp-json\/wp\/v2\/product_tag?post=34953"}],"curies":[{"name":"wp","href":"https:\/\/api.w.org\/{rel}","templated":true}]}}