{"id":34951,"date":"2020-10-12T16:23:52","date_gmt":"2020-10-12T16:23:52","guid":{"rendered":"https:\/\/leiklist.is\/?post_type=product&#038;p=34951"},"modified":"2024-04-11T09:24:59","modified_gmt":"2024-04-11T09:24:59","slug":"multi-remover-limleysir","status":"publish","type":"product","link":"https:\/\/leiklist.is\/en\/product\/multi-remover-limleysir\/","title":{"rendered":"Multi Remover vaxleysir 25 ml."},"content":{"rendered":"<p><span class=\"line\">Grimas Multi Remover Pure er fj\u00f6lnota, tveggja \u00fe\u00e1tta, \u00f3l\u00edubasera\u00f0ur v\u00f6kvi. Fjarl\u00e6gir allar tegundir af vaxi og far\u00f0a \u00e1 bor\u00f0 vi\u00f0<\/span><span class=\"standaard\"> Grimas Cr\u00e8me Make-up Bright (Pure), Cr\u00e8me Make-up Pure, Camouflage Make-up Pure, Derma Wax, Nose Wax og Eyebrow Plastic. Einnig h\u00e6gt a\u00f0 nota til a\u00f0 fjar\u00e6gja restar af lit af h\u00fa\u00f0 eftir a\u00f0 far\u00f0i hefur veri\u00f0 hreinsa\u00f0ur. Til \u00ed 25 ml.<\/span><\/p>\n<p><span class=\"line\">&#8222;Pure&#8220; \u00ed v\u00f6ruheitinu \u00fe\u00fd\u00f0ir a\u00f0 varan inniheldur engin rotvarnarefni (svo sem parabens) e\u00f0a <\/span><span class=\"line\">halogenated organic compounds.<\/span><span class=\"standaard\">\u00a0&#8216;Pure&#8217; v\u00f6rur fr\u00e1 Grimas, eru einnig gl\u00fatenlausar og \u00e1n ilmefna.<\/span><\/p>","protected":false},"excerpt":{"rendered":"<p>Grimas Multi Remover Pure er fj\u00f6lnota, tveggja \u00fe\u00e1tta, \u00f3l\u00edubasera\u00f0ur v\u00f6kvi. Fjarl\u00e6gir allar tegundir af vaxi og far\u00f0a \u00e1 bor\u00f0 vi\u00f0 Grimas Cr\u00e8me Make-up Bright (Pure), Cr\u00e8me Make-up Pure, Camouflage Make-up Pure, Derma Wax, Nose Wax og Eyebrow Plastic. Einnig h\u00e6gt a\u00f0 nota til a\u00f0 fjar\u00e6gja restar af lit af h\u00fa\u00f0 eftir a\u00f0 far\u00f0i hefur veri\u00f0 [&hellip;]<\/p>\n","protected":false},"featured_media":34952,"template":"","meta":{"_et_pb_use_builder":"","_et_pb_old_content":"","_et_gb_content_width":""},"product_brand":[],"product_cat":[74,136],"product_tag":[],"class_list":{"0":"post-34951","1":"product","2":"type-product","3":"status-publish","4":"has-post-thumbnail","6":"product_cat-hreinsivorur","7":"product_cat-lim-gervagerd","9":"first","10":"outofstock","11":"taxable","12":"shipping-taxable","13":"purchasable","14":"product-type-simple"},"_links":{"self":[{"href":"https:\/\/leiklist.is\/en\/wp-json\/wp\/v2\/product\/34951","targetHints":{"allow":["GET"]}}],"collection":[{"href":"https:\/\/leiklist.is\/en\/wp-json\/wp\/v2\/product"}],"about":[{"href":"https:\/\/leiklist.is\/en\/wp-json\/wp\/v2\/types\/product"}],"wp:featuredmedia":[{"embeddable":true,"href":"https:\/\/leiklist.is\/en\/wp-json\/wp\/v2\/media\/34952"}],"wp:attachment":[{"href":"https:\/\/leiklist.is\/en\/wp-json\/wp\/v2\/media?parent=34951"}],"wp:term":[{"taxonomy":"product_brand","embeddable":true,"href":"https:\/\/leiklist.is\/en\/wp-json\/wp\/v2\/product_brand?post=34951"},{"taxonomy":"product_cat","embeddable":true,"href":"https:\/\/leiklist.is\/en\/wp-json\/wp\/v2\/product_cat?post=34951"},{"taxonomy":"product_tag","embeddable":true,"href":"https:\/\/leiklist.is\/en\/wp-json\/wp\/v2\/product_tag?post=34951"}],"curies":[{"name":"wp","href":"https:\/\/api.w.org\/{rel}","templated":true}]}}