{"id":34949,"date":"2020-10-12T16:12:22","date_gmt":"2020-10-12T16:12:22","guid":{"rendered":"https:\/\/leiklist.is\/?post_type=product&#038;p=34949"},"modified":"2024-11-12T13:24:29","modified_gmt":"2024-11-12T13:24:29","slug":"blodrugel-nuddsar","status":"publish","type":"product","link":"https:\/\/leiklist.is\/en\/product\/blodrugel-nuddsar\/","title":{"rendered":"Bl\u00f6\u00f0rugel (nudds\u00e1r) &#8211; Blistergel"},"content":{"rendered":"<p>Gel til a\u00f0 gera bl\u00f6\u00f0rul\u00edkan effekt \u00e1 h\u00fa\u00f0. Einnig brunas\u00e1r.<\/p>","protected":false},"excerpt":{"rendered":"<p>Gel til a\u00f0 gera bl\u00f6\u00f0rul\u00edkan effekt \u00e1 h\u00fa\u00f0. Einnig brunas\u00e1r.<\/p>","protected":false},"featured_media":34950,"template":"","meta":{"_et_pb_use_builder":"","_et_pb_old_content":"","_et_gb_content_width":""},"product_brand":[],"product_cat":[247,82],"product_tag":[70],"class_list":{"0":"post-34949","1":"product","2":"type-product","3":"status-publish","4":"has-post-thumbnail","6":"product_cat-sar","7":"product_cat-ymislegt","8":"product_tag-grimas","10":"first","11":"instock","12":"taxable","13":"shipping-taxable","14":"purchasable","15":"product-type-simple"},"_links":{"self":[{"href":"https:\/\/leiklist.is\/en\/wp-json\/wp\/v2\/product\/34949","targetHints":{"allow":["GET"]}}],"collection":[{"href":"https:\/\/leiklist.is\/en\/wp-json\/wp\/v2\/product"}],"about":[{"href":"https:\/\/leiklist.is\/en\/wp-json\/wp\/v2\/types\/product"}],"wp:featuredmedia":[{"embeddable":true,"href":"https:\/\/leiklist.is\/en\/wp-json\/wp\/v2\/media\/34950"}],"wp:attachment":[{"href":"https:\/\/leiklist.is\/en\/wp-json\/wp\/v2\/media?parent=34949"}],"wp:term":[{"taxonomy":"product_brand","embeddable":true,"href":"https:\/\/leiklist.is\/en\/wp-json\/wp\/v2\/product_brand?post=34949"},{"taxonomy":"product_cat","embeddable":true,"href":"https:\/\/leiklist.is\/en\/wp-json\/wp\/v2\/product_cat?post=34949"},{"taxonomy":"product_tag","embeddable":true,"href":"https:\/\/leiklist.is\/en\/wp-json\/wp\/v2\/product_tag?post=34949"}],"curies":[{"name":"wp","href":"https:\/\/api.w.org\/{rel}","templated":true}]}}