{"id":34879,"date":"2020-09-24T17:18:15","date_gmt":"2020-09-24T17:18:15","guid":{"rendered":"https:\/\/leiklist.is\/?post_type=product&#038;p=34879"},"modified":"2026-02-18T20:31:25","modified_gmt":"2026-02-18T20:31:25","slug":"latex-fra-kryolan","status":"publish","type":"product","link":"https:\/\/leiklist.is\/en\/product\/latex-fra-kryolan\/","title":{"rendered":"Latex fr\u00e1 Kryolan"},"content":{"rendered":"<p>Flj\u00f3tandi Latex. \u00d3lita\u00f0.<\/p>","protected":false},"excerpt":{"rendered":"<p>Flj\u00f3tandi Latex. \u00d3lita\u00f0.<\/p>","protected":false},"featured_media":34883,"template":"","meta":{"_et_pb_use_builder":"","_et_pb_old_content":"","_et_gb_content_width":""},"product_brand":[],"product_cat":[246],"product_tag":[75],"class_list":{"0":"post-34879","1":"product","2":"type-product","3":"status-publish","4":"has-post-thumbnail","6":"product_cat-latex","7":"product_tag-kryolan","9":"first","10":"instock","11":"taxable","12":"shipping-taxable","13":"purchasable","14":"product-type-variable","15":"has-default-attributes"},"_links":{"self":[{"href":"https:\/\/leiklist.is\/en\/wp-json\/wp\/v2\/product\/34879","targetHints":{"allow":["GET"]}}],"collection":[{"href":"https:\/\/leiklist.is\/en\/wp-json\/wp\/v2\/product"}],"about":[{"href":"https:\/\/leiklist.is\/en\/wp-json\/wp\/v2\/types\/product"}],"wp:featuredmedia":[{"embeddable":true,"href":"https:\/\/leiklist.is\/en\/wp-json\/wp\/v2\/media\/34883"}],"wp:attachment":[{"href":"https:\/\/leiklist.is\/en\/wp-json\/wp\/v2\/media?parent=34879"}],"wp:term":[{"taxonomy":"product_brand","embeddable":true,"href":"https:\/\/leiklist.is\/en\/wp-json\/wp\/v2\/product_brand?post=34879"},{"taxonomy":"product_cat","embeddable":true,"href":"https:\/\/leiklist.is\/en\/wp-json\/wp\/v2\/product_cat?post=34879"},{"taxonomy":"product_tag","embeddable":true,"href":"https:\/\/leiklist.is\/en\/wp-json\/wp\/v2\/product_tag?post=34879"}],"curies":[{"name":"wp","href":"https:\/\/api.w.org\/{rel}","templated":true}]}}