{"id":34760,"date":"2020-09-08T14:13:04","date_gmt":"2020-09-08T14:13:04","guid":{"rendered":"https:\/\/leiklist.is\/?post_type=product&#038;p=34760"},"modified":"2024-02-23T09:26:53","modified_gmt":"2024-02-23T09:26:53","slug":"fairy-girl-kit","status":"publish","type":"product","link":"https:\/\/leiklist.is\/en\/product\/fairy-girl-kit\/","title":{"rendered":"Fairy Girl Kit"},"content":{"rendered":"<p>Sett me\u00f0 \u00f6llu sem \u00fearf til a\u00f0 far\u00f0a &#8222;\u00e1lfast\u00falku&#8220; eins og s\u00e9st \u00e1 myndinni.<\/p>\n<p>&nbsp;<\/p>\n<p>Setti\u00f0 inniheldur (sj\u00e1 mynd 2):<\/p>\n<ul>\n<li>1 Spirit Gum 2 ml<\/li>\n<li>1 Latex Sprite Ears, small<\/li>\n<li>1 Multi Gel 10 ml<\/li>\n<li>1 Eyelashes Stargirl S2<\/li>\n<li>1 Lash Adhesive Pro 1 g<\/li>\n<li>2 Aquacolor 8 ml<\/li>\n<li>1 Cream Color Circle Interferenz<\/li>\n<li>1 Translucent Powder 20 g<\/li>\n<li>1 Blending Brush<\/li>\n<li>1 Torey Round Brush 3<\/li>\n<li>1 Latex Wedge Sponges<\/li>\n<li>1 Spirit Gum Remover 50 ml<\/li>\n<\/ul>","protected":false},"excerpt":{"rendered":"<p>Sett me\u00f0 \u00f6llu sem \u00fearf til a\u00f0 far\u00f0a &#8222;\u00e1lfast\u00falku&#8220; eins og s\u00e9st \u00e1 myndinni. &nbsp; Setti\u00f0 inniheldur (sj\u00e1 mynd 2): 1 Spirit Gum 2 ml 1 Latex Sprite Ears, small 1 Multi Gel 10 ml 1 Eyelashes Stargirl S2 1 Lash Adhesive Pro 1 g 2 Aquacolor 8 ml 1 Cream Color Circle Interferenz 1 [&hellip;]<\/p>\n","protected":false},"featured_media":34761,"template":"","meta":{"_et_pb_use_builder":"","_et_pb_old_content":"","_et_gb_content_width":""},"product_brand":[],"product_cat":[126,245,73],"product_tag":[262],"class_list":{"0":"post-34760","1":"product","2":"type-product","3":"status-publish","4":"has-post-thumbnail","6":"product_cat-andlits-likamslitir","7":"product_cat-sett","8":"product_cat-fardi","9":"product_tag-kryolan-halloween-hrekkjavaka-cosplay","11":"first","12":"outofstock","13":"taxable","14":"shipping-taxable","15":"purchasable","16":"product-type-simple"},"_links":{"self":[{"href":"https:\/\/leiklist.is\/en\/wp-json\/wp\/v2\/product\/34760","targetHints":{"allow":["GET"]}}],"collection":[{"href":"https:\/\/leiklist.is\/en\/wp-json\/wp\/v2\/product"}],"about":[{"href":"https:\/\/leiklist.is\/en\/wp-json\/wp\/v2\/types\/product"}],"wp:featuredmedia":[{"embeddable":true,"href":"https:\/\/leiklist.is\/en\/wp-json\/wp\/v2\/media\/34761"}],"wp:attachment":[{"href":"https:\/\/leiklist.is\/en\/wp-json\/wp\/v2\/media?parent=34760"}],"wp:term":[{"taxonomy":"product_brand","embeddable":true,"href":"https:\/\/leiklist.is\/en\/wp-json\/wp\/v2\/product_brand?post=34760"},{"taxonomy":"product_cat","embeddable":true,"href":"https:\/\/leiklist.is\/en\/wp-json\/wp\/v2\/product_cat?post=34760"},{"taxonomy":"product_tag","embeddable":true,"href":"https:\/\/leiklist.is\/en\/wp-json\/wp\/v2\/product_tag?post=34760"}],"curies":[{"name":"wp","href":"https:\/\/api.w.org\/{rel}","templated":true}]}}